{"id":670,"date":"2021-12-08T11:12:50","date_gmt":"2022-04-05T12:29:23","guid":{"rendered":"https:\/\/slappa.co\/?post_type=product&#038;p=670"},"modified":"2023-05-22T17:07:47","modified_gmt":"2023-05-22T15:07:47","slug":"tablets-for-the-kitchen","status":"publish","type":"product","link":"https:\/\/slappa.co\/en\/products\/cleaning-tablets\/tablets-for-the-kitchen\/","title":{"rendered":"Fragrant rosemary &#8211; 3 pcs."},"content":{"rendered":"","protected":false},"excerpt":{"rendered":"<p>Fragrant rosemary is 3 tablets set, to prepare cleaning eco-spray for your kitchen. 3 tablets mean 3 bottles of cleaning eco-spray!<\/p>\n<p><strong>One bottle of our efficient cleaning spray is only PLN 13.<\/strong><\/p>\n","protected":false},"featured_media":1406,"comment_status":"closed","ping_status":"closed","template":"","meta":[],"product_cat":[37],"product_tag":[],"acf":[],"yoast_head":"<!-- This site is optimized with the Yoast SEO plugin v18.6 - https:\/\/yoast.com\/wordpress\/plugins\/seo\/ -->\n<title>Fragrant rosemary - 3 pcs. - Slappa.co<\/title>\n<meta name=\"description\" content=\"Fragrant rosemary is a 3 tablets set, to prepare cleaning spray for kitchen. 3 tablets mean 3 bottles of cleaning eco-spray!\" \/>\n<meta name=\"robots\" content=\"index, follow, max-snippet:-1, max-image-preview:large, max-video-preview:-1\" \/>\n<link rel=\"canonical\" href=\"https:\/\/slappa.co\/en\/products\/cleaning-tablets\/tablets-for-the-kitchen\/\" \/>\n<meta property=\"og:locale\" content=\"en_US\" \/>\n<meta property=\"og:type\" content=\"article\" \/>\n<meta property=\"og:title\" content=\"Fragrant rosemary - 3 pcs. - Slappa.co\" \/>\n<meta property=\"og:description\" content=\"Fragrant rosemary is a 3 tablets set, to prepare cleaning spray for kitchen. 3 tablets mean 3 bottles of cleaning eco-spray!\" \/>\n<meta property=\"og:url\" content=\"https:\/\/slappa.co\/en\/products\/cleaning-tablets\/tablets-for-the-kitchen\/\" \/>\n<meta property=\"og:site_name\" content=\"Slappa.co\" \/>\n<meta property=\"article:publisher\" content=\"https:\/\/www.facebook.com\/share\/ttAfoJ21XdQW3JBK\/?mibextid=wwXIfr\" \/>\n<meta property=\"article:modified_time\" content=\"2023-05-22T15:07:47+00:00\" \/>\n<meta property=\"og:image\" content=\"https:\/\/slappa.co\/wp-content\/uploads\/2021\/12\/ekologicznetabletki_dobryrozmaryn2-1024x1024.png\" \/>\n\t<meta property=\"og:image:width\" content=\"1024\" \/>\n\t<meta property=\"og:image:height\" content=\"1024\" \/>\n\t<meta property=\"og:image:type\" content=\"image\/png\" \/>\n<meta name=\"twitter:card\" content=\"summary_large_image\" \/>\n<script type=\"application\/ld+json\" class=\"yoast-schema-graph\">{\"@context\":\"https:\/\/schema.org\",\"@graph\":[{\"@type\":\"Organization\",\"@id\":\"https:\/\/slappa.co\/#organization\",\"name\":\"Slappa\",\"url\":\"https:\/\/slappa.co\/\",\"sameAs\":[\"https:\/\/www.facebook.com\/share\/ttAfoJ21XdQW3JBK\/?mibextid=wwXIfr\",\"https:\/\/www.instagram.com\/slappa.co\/\",\"https:\/\/www.linkedin.com\/company\/sl\u00e4ppa?originalSubdomain=pl\"],\"logo\":{\"@type\":\"ImageObject\",\"@id\":\"https:\/\/slappa.co\/#logo\",\"inLanguage\":\"en-US\",\"url\":\"https:\/\/beta.slappa.co\/wp-content\/uploads\/2021\/10\/logo.png\",\"contentUrl\":\"https:\/\/beta.slappa.co\/wp-content\/uploads\/2021\/10\/logo.png\",\"width\":501,\"height\":147,\"caption\":\"Slappa\"},\"image\":{\"@id\":\"https:\/\/slappa.co\/#logo\"}},{\"@type\":\"WebSite\",\"@id\":\"https:\/\/slappa.co\/#website\",\"url\":\"https:\/\/slappa.co\/\",\"name\":\"Slappa.co\",\"description\":\"eko \u015brodki czysto\u015bci w musuj\u0105cych tabletkach\",\"publisher\":{\"@id\":\"https:\/\/slappa.co\/#organization\"},\"potentialAction\":[{\"@type\":\"SearchAction\",\"target\":{\"@type\":\"EntryPoint\",\"urlTemplate\":\"https:\/\/slappa.co\/?s={search_term_string}\"},\"query-input\":\"required name=search_term_string\"}],\"inLanguage\":\"en-US\"},{\"@type\":\"ImageObject\",\"@id\":\"https:\/\/slappa.co\/en\/products\/cleaning-tablets\/tablets-for-the-kitchen\/#primaryimage\",\"inLanguage\":\"en-US\",\"url\":\"https:\/\/slappa.co\/wp-content\/uploads\/2021\/12\/ekologicznetabletki_dobryrozmaryn2.png\",\"contentUrl\":\"https:\/\/slappa.co\/wp-content\/uploads\/2021\/12\/ekologicznetabletki_dobryrozmaryn2.png\",\"width\":2000,\"height\":2000,\"caption\":\"eko_tabletki_do_mycia_kuchni\"},{\"@type\":\"WebPage\",\"@id\":\"https:\/\/slappa.co\/en\/products\/cleaning-tablets\/tablets-for-the-kitchen\/#webpage\",\"url\":\"https:\/\/slappa.co\/en\/products\/cleaning-tablets\/tablets-for-the-kitchen\/\",\"name\":\"Fragrant rosemary - 3 pcs. - Slappa.co\",\"isPartOf\":{\"@id\":\"https:\/\/slappa.co\/#website\"},\"primaryImageOfPage\":{\"@id\":\"https:\/\/slappa.co\/en\/products\/cleaning-tablets\/tablets-for-the-kitchen\/#primaryimage\"},\"datePublished\":\"2022-04-05T12:29:23+00:00\",\"dateModified\":\"2023-05-22T15:07:47+00:00\",\"description\":\"Fragrant rosemary is a 3 tablets set, to prepare cleaning spray for kitchen. 3 tablets mean 3 bottles of cleaning eco-spray!\",\"breadcrumb\":{\"@id\":\"https:\/\/slappa.co\/en\/products\/cleaning-tablets\/tablets-for-the-kitchen\/#breadcrumb\"},\"inLanguage\":\"en-US\",\"potentialAction\":[{\"@type\":\"ReadAction\",\"target\":[\"https:\/\/slappa.co\/en\/products\/cleaning-tablets\/tablets-for-the-kitchen\/\"]}]},{\"@type\":\"BreadcrumbList\",\"@id\":\"https:\/\/slappa.co\/en\/products\/cleaning-tablets\/tablets-for-the-kitchen\/#breadcrumb\",\"itemListElement\":[{\"@type\":\"ListItem\",\"position\":1,\"name\":\"Home\",\"item\":\"https:\/\/slappa.co\/en\/\"},{\"@type\":\"ListItem\",\"position\":2,\"name\":\"Products\",\"item\":\"https:\/\/slappa.co\/en\/products\/\"},{\"@type\":\"ListItem\",\"position\":3,\"name\":\"Fragrant rosemary &#8211; 3 pcs.\"}]}]}<\/script>\n<!-- \/ Yoast SEO plugin. -->","yoast_head_json":{"title":"Fragrant rosemary - 3 pcs. - Slappa.co","description":"Fragrant rosemary is a 3 tablets set, to prepare cleaning spray for kitchen. 3 tablets mean 3 bottles of cleaning eco-spray!","robots":{"index":"index","follow":"follow","max-snippet":"max-snippet:-1","max-image-preview":"max-image-preview:large","max-video-preview":"max-video-preview:-1"},"canonical":"https:\/\/slappa.co\/en\/products\/cleaning-tablets\/tablets-for-the-kitchen\/","og_locale":"en_US","og_type":"article","og_title":"Fragrant rosemary - 3 pcs. - Slappa.co","og_description":"Fragrant rosemary is a 3 tablets set, to prepare cleaning spray for kitchen. 3 tablets mean 3 bottles of cleaning eco-spray!","og_url":"https:\/\/slappa.co\/en\/products\/cleaning-tablets\/tablets-for-the-kitchen\/","og_site_name":"Slappa.co","article_publisher":"https:\/\/www.facebook.com\/share\/ttAfoJ21XdQW3JBK\/?mibextid=wwXIfr","article_modified_time":"2023-05-22T15:07:47+00:00","og_image":[{"width":1024,"height":1024,"url":"https:\/\/slappa.co\/wp-content\/uploads\/2021\/12\/ekologicznetabletki_dobryrozmaryn2-1024x1024.png","type":"image\/png"}],"twitter_card":"summary_large_image","schema":{"@context":"https:\/\/schema.org","@graph":[{"@type":"Organization","@id":"https:\/\/slappa.co\/#organization","name":"Slappa","url":"https:\/\/slappa.co\/","sameAs":["https:\/\/www.facebook.com\/share\/ttAfoJ21XdQW3JBK\/?mibextid=wwXIfr","https:\/\/www.instagram.com\/slappa.co\/","https:\/\/www.linkedin.com\/company\/sl\u00e4ppa?originalSubdomain=pl"],"logo":{"@type":"ImageObject","@id":"https:\/\/slappa.co\/#logo","inLanguage":"en-US","url":"https:\/\/beta.slappa.co\/wp-content\/uploads\/2021\/10\/logo.png","contentUrl":"https:\/\/beta.slappa.co\/wp-content\/uploads\/2021\/10\/logo.png","width":501,"height":147,"caption":"Slappa"},"image":{"@id":"https:\/\/slappa.co\/#logo"}},{"@type":"WebSite","@id":"https:\/\/slappa.co\/#website","url":"https:\/\/slappa.co\/","name":"Slappa.co","description":"eko \u015brodki czysto\u015bci w musuj\u0105cych tabletkach","publisher":{"@id":"https:\/\/slappa.co\/#organization"},"potentialAction":[{"@type":"SearchAction","target":{"@type":"EntryPoint","urlTemplate":"https:\/\/slappa.co\/?s={search_term_string}"},"query-input":"required name=search_term_string"}],"inLanguage":"en-US"},{"@type":"ImageObject","@id":"https:\/\/slappa.co\/en\/products\/cleaning-tablets\/tablets-for-the-kitchen\/#primaryimage","inLanguage":"en-US","url":"https:\/\/slappa.co\/wp-content\/uploads\/2021\/12\/ekologicznetabletki_dobryrozmaryn2.png","contentUrl":"https:\/\/slappa.co\/wp-content\/uploads\/2021\/12\/ekologicznetabletki_dobryrozmaryn2.png","width":2000,"height":2000,"caption":"eko_tabletki_do_mycia_kuchni"},{"@type":"WebPage","@id":"https:\/\/slappa.co\/en\/products\/cleaning-tablets\/tablets-for-the-kitchen\/#webpage","url":"https:\/\/slappa.co\/en\/products\/cleaning-tablets\/tablets-for-the-kitchen\/","name":"Fragrant rosemary - 3 pcs. - Slappa.co","isPartOf":{"@id":"https:\/\/slappa.co\/#website"},"primaryImageOfPage":{"@id":"https:\/\/slappa.co\/en\/products\/cleaning-tablets\/tablets-for-the-kitchen\/#primaryimage"},"datePublished":"2022-04-05T12:29:23+00:00","dateModified":"2023-05-22T15:07:47+00:00","description":"Fragrant rosemary is a 3 tablets set, to prepare cleaning spray for kitchen. 3 tablets mean 3 bottles of cleaning eco-spray!","breadcrumb":{"@id":"https:\/\/slappa.co\/en\/products\/cleaning-tablets\/tablets-for-the-kitchen\/#breadcrumb"},"inLanguage":"en-US","potentialAction":[{"@type":"ReadAction","target":["https:\/\/slappa.co\/en\/products\/cleaning-tablets\/tablets-for-the-kitchen\/"]}]},{"@type":"BreadcrumbList","@id":"https:\/\/slappa.co\/en\/products\/cleaning-tablets\/tablets-for-the-kitchen\/#breadcrumb","itemListElement":[{"@type":"ListItem","position":1,"name":"Home","item":"https:\/\/slappa.co\/en\/"},{"@type":"ListItem","position":2,"name":"Products","item":"https:\/\/slappa.co\/en\/products\/"},{"@type":"ListItem","position":3,"name":"Fragrant rosemary &#8211; 3 pcs."}]}]}},"_links":{"self":[{"href":"https:\/\/slappa.co\/en\/wp-json\/wp\/v2\/product\/670"}],"collection":[{"href":"https:\/\/slappa.co\/en\/wp-json\/wp\/v2\/product"}],"about":[{"href":"https:\/\/slappa.co\/en\/wp-json\/wp\/v2\/types\/product"}],"replies":[{"embeddable":true,"href":"https:\/\/slappa.co\/en\/wp-json\/wp\/v2\/comments?post=670"}],"wp:featuredmedia":[{"embeddable":true,"href":"https:\/\/slappa.co\/en\/wp-json\/wp\/v2\/media\/1406"}],"wp:attachment":[{"href":"https:\/\/slappa.co\/en\/wp-json\/wp\/v2\/media?parent=670"}],"wp:term":[{"taxonomy":"product_cat","embeddable":true,"href":"https:\/\/slappa.co\/en\/wp-json\/wp\/v2\/product_cat?post=670"},{"taxonomy":"product_tag","embeddable":true,"href":"https:\/\/slappa.co\/en\/wp-json\/wp\/v2\/product_tag?post=670"}],"curies":[{"name":"wp","href":"https:\/\/api.w.org\/{rel}","templated":true}]}}