{"id":2550,"date":"2024-02-13T20:18:46","date_gmt":"2024-02-13T19:18:46","guid":{"rendered":"https:\/\/slappa.co\/?post_type=product&#038;p=2550"},"modified":"2024-10-21T19:57:37","modified_gmt":"2024-10-21T17:57:37","slug":"goodies-mix_kitchen-cleaning-bottle","status":"publish","type":"product","link":"https:\/\/slappa.co\/en\/products\/cleaning-tablets\/goodies-mix_kitchen-cleaning-bottle\/","title":{"rendered":"Goodies mix + kitchen cleaning bottle"},"content":{"rendered":"","protected":false},"excerpt":{"rendered":"<p>Goodies mix is 3 tablets set, to prepare cleaning eco-spray for your home. 3 tablets mean 3 bottles of cleaning eco-spray!<\/p>\n<p><strong>One bottle of our efficient cleaning spray is only PLN 13.<\/strong><\/p>\n","protected":false},"featured_media":2570,"comment_status":"closed","ping_status":"closed","template":"","meta":[],"product_cat":[37,38],"product_tag":[],"acf":[],"yoast_head":"<!-- This site is optimized with the Yoast SEO plugin v18.6 - https:\/\/yoast.com\/wordpress\/plugins\/seo\/ -->\n<title>Goodies mix + kitchen cleaning bottle - Slappa.co<\/title>\n<meta name=\"description\" content=\"Goodies mix - 3 tablets for kitchen \/ bathroom \/ glass cleaning. A set of 3 tablets is a set of three 400 ml bottles.\" \/>\n<meta name=\"robots\" content=\"index, follow, max-snippet:-1, max-image-preview:large, max-video-preview:-1\" \/>\n<link rel=\"canonical\" href=\"https:\/\/slappa.co\/en\/products\/cleaning-tablets\/goodies-mix_kitchen-cleaning-bottle\/\" \/>\n<meta property=\"og:locale\" content=\"en_US\" \/>\n<meta property=\"og:type\" content=\"article\" \/>\n<meta property=\"og:title\" content=\"Goodies mix + kitchen cleaning bottle - Slappa.co\" \/>\n<meta property=\"og:description\" content=\"Goodies mix - 3 tablets for kitchen \/ bathroom \/ glass cleaning. A set of 3 tablets is a set of three 400 ml bottles.\" \/>\n<meta property=\"og:url\" content=\"https:\/\/slappa.co\/en\/products\/cleaning-tablets\/goodies-mix_kitchen-cleaning-bottle\/\" \/>\n<meta property=\"og:site_name\" content=\"Slappa.co\" \/>\n<meta property=\"article:publisher\" content=\"https:\/\/www.facebook.com\/share\/ttAfoJ21XdQW3JBK\/?mibextid=wwXIfr\" \/>\n<meta property=\"article:modified_time\" content=\"2024-10-21T17:57:37+00:00\" \/>\n<meta property=\"og:image\" content=\"https:\/\/slappa.co\/wp-content\/uploads\/2024\/02\/mix_kuchnia_full_web.jpg\" \/>\n\t<meta property=\"og:image:width\" content=\"1080\" \/>\n\t<meta property=\"og:image:height\" content=\"1080\" \/>\n\t<meta property=\"og:image:type\" content=\"image\/jpeg\" \/>\n<meta name=\"twitter:card\" content=\"summary_large_image\" \/>\n<script type=\"application\/ld+json\" class=\"yoast-schema-graph\">{\"@context\":\"https:\/\/schema.org\",\"@graph\":[{\"@type\":\"Organization\",\"@id\":\"https:\/\/slappa.co\/#organization\",\"name\":\"Slappa\",\"url\":\"https:\/\/slappa.co\/\",\"sameAs\":[\"https:\/\/www.facebook.com\/share\/ttAfoJ21XdQW3JBK\/?mibextid=wwXIfr\",\"https:\/\/www.instagram.com\/slappa.co\/\",\"https:\/\/www.linkedin.com\/company\/sl\u00e4ppa?originalSubdomain=pl\"],\"logo\":{\"@type\":\"ImageObject\",\"@id\":\"https:\/\/slappa.co\/#logo\",\"inLanguage\":\"en-US\",\"url\":\"https:\/\/beta.slappa.co\/wp-content\/uploads\/2021\/10\/logo.png\",\"contentUrl\":\"https:\/\/beta.slappa.co\/wp-content\/uploads\/2021\/10\/logo.png\",\"width\":501,\"height\":147,\"caption\":\"Slappa\"},\"image\":{\"@id\":\"https:\/\/slappa.co\/#logo\"}},{\"@type\":\"WebSite\",\"@id\":\"https:\/\/slappa.co\/#website\",\"url\":\"https:\/\/slappa.co\/\",\"name\":\"Slappa.co\",\"description\":\"eko \u015brodki czysto\u015bci w musuj\u0105cych tabletkach\",\"publisher\":{\"@id\":\"https:\/\/slappa.co\/#organization\"},\"potentialAction\":[{\"@type\":\"SearchAction\",\"target\":{\"@type\":\"EntryPoint\",\"urlTemplate\":\"https:\/\/slappa.co\/?s={search_term_string}\"},\"query-input\":\"required name=search_term_string\"}],\"inLanguage\":\"en-US\"},{\"@type\":\"ImageObject\",\"@id\":\"https:\/\/slappa.co\/en\/products\/cleaning-tablets\/goodies-mix_kitchen-cleaning-bottle\/#primaryimage\",\"inLanguage\":\"en-US\",\"url\":\"https:\/\/slappa.co\/wp-content\/uploads\/2024\/02\/mix_kuchnia_full_web.jpg\",\"contentUrl\":\"https:\/\/slappa.co\/wp-content\/uploads\/2024\/02\/mix_kuchnia_full_web.jpg\",\"width\":1080,\"height\":1080,\"caption\":\"eco cleaning\"},{\"@type\":\"WebPage\",\"@id\":\"https:\/\/slappa.co\/en\/products\/cleaning-tablets\/goodies-mix_kitchen-cleaning-bottle\/#webpage\",\"url\":\"https:\/\/slappa.co\/en\/products\/cleaning-tablets\/goodies-mix_kitchen-cleaning-bottle\/\",\"name\":\"Goodies mix + kitchen cleaning bottle - Slappa.co\",\"isPartOf\":{\"@id\":\"https:\/\/slappa.co\/#website\"},\"primaryImageOfPage\":{\"@id\":\"https:\/\/slappa.co\/en\/products\/cleaning-tablets\/goodies-mix_kitchen-cleaning-bottle\/#primaryimage\"},\"datePublished\":\"2024-02-13T19:18:46+00:00\",\"dateModified\":\"2024-10-21T17:57:37+00:00\",\"description\":\"Goodies mix - 3 tablets for kitchen \/ bathroom \/ glass cleaning. A set of 3 tablets is a set of three 400 ml bottles.\",\"breadcrumb\":{\"@id\":\"https:\/\/slappa.co\/en\/products\/cleaning-tablets\/goodies-mix_kitchen-cleaning-bottle\/#breadcrumb\"},\"inLanguage\":\"en-US\",\"potentialAction\":[{\"@type\":\"ReadAction\",\"target\":[\"https:\/\/slappa.co\/en\/products\/cleaning-tablets\/goodies-mix_kitchen-cleaning-bottle\/\"]}]},{\"@type\":\"BreadcrumbList\",\"@id\":\"https:\/\/slappa.co\/en\/products\/cleaning-tablets\/goodies-mix_kitchen-cleaning-bottle\/#breadcrumb\",\"itemListElement\":[{\"@type\":\"ListItem\",\"position\":1,\"name\":\"Home\",\"item\":\"https:\/\/slappa.co\/en\/\"},{\"@type\":\"ListItem\",\"position\":2,\"name\":\"Products\",\"item\":\"https:\/\/slappa.co\/en\/products\/\"},{\"@type\":\"ListItem\",\"position\":3,\"name\":\"Goodies mix + kitchen cleaning bottle\"}]}]}<\/script>\n<!-- \/ Yoast SEO plugin. -->","yoast_head_json":{"title":"Goodies mix + kitchen cleaning bottle - Slappa.co","description":"Goodies mix - 3 tablets for kitchen \/ bathroom \/ glass cleaning. A set of 3 tablets is a set of three 400 ml bottles.","robots":{"index":"index","follow":"follow","max-snippet":"max-snippet:-1","max-image-preview":"max-image-preview:large","max-video-preview":"max-video-preview:-1"},"canonical":"https:\/\/slappa.co\/en\/products\/cleaning-tablets\/goodies-mix_kitchen-cleaning-bottle\/","og_locale":"en_US","og_type":"article","og_title":"Goodies mix + kitchen cleaning bottle - Slappa.co","og_description":"Goodies mix - 3 tablets for kitchen \/ bathroom \/ glass cleaning. A set of 3 tablets is a set of three 400 ml bottles.","og_url":"https:\/\/slappa.co\/en\/products\/cleaning-tablets\/goodies-mix_kitchen-cleaning-bottle\/","og_site_name":"Slappa.co","article_publisher":"https:\/\/www.facebook.com\/share\/ttAfoJ21XdQW3JBK\/?mibextid=wwXIfr","article_modified_time":"2024-10-21T17:57:37+00:00","og_image":[{"width":1080,"height":1080,"url":"https:\/\/slappa.co\/wp-content\/uploads\/2024\/02\/mix_kuchnia_full_web.jpg","type":"image\/jpeg"}],"twitter_card":"summary_large_image","schema":{"@context":"https:\/\/schema.org","@graph":[{"@type":"Organization","@id":"https:\/\/slappa.co\/#organization","name":"Slappa","url":"https:\/\/slappa.co\/","sameAs":["https:\/\/www.facebook.com\/share\/ttAfoJ21XdQW3JBK\/?mibextid=wwXIfr","https:\/\/www.instagram.com\/slappa.co\/","https:\/\/www.linkedin.com\/company\/sl\u00e4ppa?originalSubdomain=pl"],"logo":{"@type":"ImageObject","@id":"https:\/\/slappa.co\/#logo","inLanguage":"en-US","url":"https:\/\/beta.slappa.co\/wp-content\/uploads\/2021\/10\/logo.png","contentUrl":"https:\/\/beta.slappa.co\/wp-content\/uploads\/2021\/10\/logo.png","width":501,"height":147,"caption":"Slappa"},"image":{"@id":"https:\/\/slappa.co\/#logo"}},{"@type":"WebSite","@id":"https:\/\/slappa.co\/#website","url":"https:\/\/slappa.co\/","name":"Slappa.co","description":"eko \u015brodki czysto\u015bci w musuj\u0105cych tabletkach","publisher":{"@id":"https:\/\/slappa.co\/#organization"},"potentialAction":[{"@type":"SearchAction","target":{"@type":"EntryPoint","urlTemplate":"https:\/\/slappa.co\/?s={search_term_string}"},"query-input":"required name=search_term_string"}],"inLanguage":"en-US"},{"@type":"ImageObject","@id":"https:\/\/slappa.co\/en\/products\/cleaning-tablets\/goodies-mix_kitchen-cleaning-bottle\/#primaryimage","inLanguage":"en-US","url":"https:\/\/slappa.co\/wp-content\/uploads\/2024\/02\/mix_kuchnia_full_web.jpg","contentUrl":"https:\/\/slappa.co\/wp-content\/uploads\/2024\/02\/mix_kuchnia_full_web.jpg","width":1080,"height":1080,"caption":"eco cleaning"},{"@type":"WebPage","@id":"https:\/\/slappa.co\/en\/products\/cleaning-tablets\/goodies-mix_kitchen-cleaning-bottle\/#webpage","url":"https:\/\/slappa.co\/en\/products\/cleaning-tablets\/goodies-mix_kitchen-cleaning-bottle\/","name":"Goodies mix + kitchen cleaning bottle - Slappa.co","isPartOf":{"@id":"https:\/\/slappa.co\/#website"},"primaryImageOfPage":{"@id":"https:\/\/slappa.co\/en\/products\/cleaning-tablets\/goodies-mix_kitchen-cleaning-bottle\/#primaryimage"},"datePublished":"2024-02-13T19:18:46+00:00","dateModified":"2024-10-21T17:57:37+00:00","description":"Goodies mix - 3 tablets for kitchen \/ bathroom \/ glass cleaning. A set of 3 tablets is a set of three 400 ml bottles.","breadcrumb":{"@id":"https:\/\/slappa.co\/en\/products\/cleaning-tablets\/goodies-mix_kitchen-cleaning-bottle\/#breadcrumb"},"inLanguage":"en-US","potentialAction":[{"@type":"ReadAction","target":["https:\/\/slappa.co\/en\/products\/cleaning-tablets\/goodies-mix_kitchen-cleaning-bottle\/"]}]},{"@type":"BreadcrumbList","@id":"https:\/\/slappa.co\/en\/products\/cleaning-tablets\/goodies-mix_kitchen-cleaning-bottle\/#breadcrumb","itemListElement":[{"@type":"ListItem","position":1,"name":"Home","item":"https:\/\/slappa.co\/en\/"},{"@type":"ListItem","position":2,"name":"Products","item":"https:\/\/slappa.co\/en\/products\/"},{"@type":"ListItem","position":3,"name":"Goodies mix + kitchen cleaning bottle"}]}]}},"_links":{"self":[{"href":"https:\/\/slappa.co\/en\/wp-json\/wp\/v2\/product\/2550"}],"collection":[{"href":"https:\/\/slappa.co\/en\/wp-json\/wp\/v2\/product"}],"about":[{"href":"https:\/\/slappa.co\/en\/wp-json\/wp\/v2\/types\/product"}],"replies":[{"embeddable":true,"href":"https:\/\/slappa.co\/en\/wp-json\/wp\/v2\/comments?post=2550"}],"wp:featuredmedia":[{"embeddable":true,"href":"https:\/\/slappa.co\/en\/wp-json\/wp\/v2\/media\/2570"}],"wp:attachment":[{"href":"https:\/\/slappa.co\/en\/wp-json\/wp\/v2\/media?parent=2550"}],"wp:term":[{"taxonomy":"product_cat","embeddable":true,"href":"https:\/\/slappa.co\/en\/wp-json\/wp\/v2\/product_cat?post=2550"},{"taxonomy":"product_tag","embeddable":true,"href":"https:\/\/slappa.co\/en\/wp-json\/wp\/v2\/product_tag?post=2550"}],"curies":[{"name":"wp","href":"https:\/\/api.w.org\/{rel}","templated":true}]}}