{"id":712,"date":"2022-04-05T16:21:39","date_gmt":"2022-04-05T14:21:39","guid":{"rendered":"https:\/\/slappa.co\/?page_id=712"},"modified":"2022-04-15T12:03:57","modified_gmt":"2022-04-15T10:03:57","slug":"registration","status":"publish","type":"page","link":"https:\/\/slappa.co\/en\/registration\/","title":{"rendered":"Registration"},"content":{"rendered":"","protected":false},"excerpt":{"rendered":"","protected":false},"author":1,"featured_media":1075,"parent":0,"menu_order":0,"comment_status":"closed","ping_status":"closed","template":"page-templates\/woocommerce-register.php","meta":[],"acf":[],"yoast_head":"<!-- This site is optimized with the Yoast SEO plugin v18.6 - https:\/\/yoast.com\/wordpress\/plugins\/seo\/ -->\n<title>Registration - Slappa.co<\/title>\n<meta name=\"robots\" content=\"index, follow, max-snippet:-1, max-image-preview:large, max-video-preview:-1\" \/>\n<link rel=\"canonical\" href=\"https:\/\/slappa.co\/en\/registration\/\" \/>\n<meta property=\"og:locale\" content=\"en_US\" \/>\n<meta property=\"og:type\" content=\"article\" \/>\n<meta property=\"og:title\" content=\"Registration - Slappa.co\" \/>\n<meta property=\"og:url\" content=\"https:\/\/slappa.co\/en\/registration\/\" \/>\n<meta property=\"og:site_name\" content=\"Slappa.co\" \/>\n<meta property=\"article:publisher\" content=\"https:\/\/www.facebook.com\/share\/ttAfoJ21XdQW3JBK\/?mibextid=wwXIfr\" \/>\n<meta property=\"article:modified_time\" content=\"2022-04-15T10:03:57+00:00\" \/>\n<meta property=\"og:image\" content=\"https:\/\/slappa.co\/wp-content\/uploads\/2021\/12\/opener.png\" \/>\n\t<meta property=\"og:image:width\" content=\"517\" \/>\n\t<meta property=\"og:image:height\" content=\"517\" \/>\n\t<meta property=\"og:image:type\" content=\"image\/png\" \/>\n<meta name=\"twitter:card\" content=\"summary_large_image\" \/>\n<script type=\"application\/ld+json\" class=\"yoast-schema-graph\">{\"@context\":\"https:\/\/schema.org\",\"@graph\":[{\"@type\":\"Organization\",\"@id\":\"https:\/\/slappa.co\/#organization\",\"name\":\"Slappa\",\"url\":\"https:\/\/slappa.co\/\",\"sameAs\":[\"https:\/\/www.facebook.com\/share\/ttAfoJ21XdQW3JBK\/?mibextid=wwXIfr\",\"https:\/\/www.instagram.com\/slappa.co\/\",\"https:\/\/www.linkedin.com\/company\/sl\u00e4ppa?originalSubdomain=pl\"],\"logo\":{\"@type\":\"ImageObject\",\"@id\":\"https:\/\/slappa.co\/#logo\",\"inLanguage\":\"en-US\",\"url\":\"https:\/\/beta.slappa.co\/wp-content\/uploads\/2021\/10\/logo.png\",\"contentUrl\":\"https:\/\/beta.slappa.co\/wp-content\/uploads\/2021\/10\/logo.png\",\"width\":501,\"height\":147,\"caption\":\"Slappa\"},\"image\":{\"@id\":\"https:\/\/slappa.co\/#logo\"}},{\"@type\":\"WebSite\",\"@id\":\"https:\/\/slappa.co\/#website\",\"url\":\"https:\/\/slappa.co\/\",\"name\":\"Slappa.co\",\"description\":\"eko \u015brodki czysto\u015bci w musuj\u0105cych tabletkach\",\"publisher\":{\"@id\":\"https:\/\/slappa.co\/#organization\"},\"potentialAction\":[{\"@type\":\"SearchAction\",\"target\":{\"@type\":\"EntryPoint\",\"urlTemplate\":\"https:\/\/slappa.co\/?s={search_term_string}\"},\"query-input\":\"required name=search_term_string\"}],\"inLanguage\":\"en-US\"},{\"@type\":\"ImageObject\",\"@id\":\"https:\/\/slappa.co\/en\/registration\/#primaryimage\",\"inLanguage\":\"en-US\",\"url\":\"https:\/\/slappa.co\/wp-content\/uploads\/2022\/05\/slappa_summer_studio3677_1min-4cdhrahs.jpg\",\"contentUrl\":\"https:\/\/slappa.co\/wp-content\/uploads\/2022\/05\/slappa_summer_studio3677_1min-4cdhrahs.jpg\",\"width\":1400,\"height\":1400,\"caption\":\"wega\u0144skie_tabletki_do_sprz\u0105tania\"},{\"@type\":\"WebPage\",\"@id\":\"https:\/\/slappa.co\/en\/registration\/#webpage\",\"url\":\"https:\/\/slappa.co\/en\/registration\/\",\"name\":\"Registration - Slappa.co\",\"isPartOf\":{\"@id\":\"https:\/\/slappa.co\/#website\"},\"primaryImageOfPage\":{\"@id\":\"https:\/\/slappa.co\/en\/registration\/#primaryimage\"},\"datePublished\":\"2022-04-05T14:21:39+00:00\",\"dateModified\":\"2022-04-15T10:03:57+00:00\",\"breadcrumb\":{\"@id\":\"https:\/\/slappa.co\/en\/registration\/#breadcrumb\"},\"inLanguage\":\"en-US\",\"potentialAction\":[{\"@type\":\"ReadAction\",\"target\":[\"https:\/\/slappa.co\/en\/registration\/\"]}]},{\"@type\":\"BreadcrumbList\",\"@id\":\"https:\/\/slappa.co\/en\/registration\/#breadcrumb\",\"itemListElement\":[{\"@type\":\"ListItem\",\"position\":1,\"name\":\"Home\",\"item\":\"https:\/\/slappa.co\/en\/\"},{\"@type\":\"ListItem\",\"position\":2,\"name\":\"Registration\"}]}]}<\/script>\n<!-- \/ Yoast SEO plugin. -->","yoast_head_json":{"title":"Registration - Slappa.co","robots":{"index":"index","follow":"follow","max-snippet":"max-snippet:-1","max-image-preview":"max-image-preview:large","max-video-preview":"max-video-preview:-1"},"canonical":"https:\/\/slappa.co\/en\/registration\/","og_locale":"en_US","og_type":"article","og_title":"Registration - Slappa.co","og_url":"https:\/\/slappa.co\/en\/registration\/","og_site_name":"Slappa.co","article_publisher":"https:\/\/www.facebook.com\/share\/ttAfoJ21XdQW3JBK\/?mibextid=wwXIfr","article_modified_time":"2022-04-15T10:03:57+00:00","og_image":[{"width":517,"height":517,"url":"https:\/\/slappa.co\/wp-content\/uploads\/2021\/12\/opener.png","type":"image\/png"}],"twitter_card":"summary_large_image","schema":{"@context":"https:\/\/schema.org","@graph":[{"@type":"Organization","@id":"https:\/\/slappa.co\/#organization","name":"Slappa","url":"https:\/\/slappa.co\/","sameAs":["https:\/\/www.facebook.com\/share\/ttAfoJ21XdQW3JBK\/?mibextid=wwXIfr","https:\/\/www.instagram.com\/slappa.co\/","https:\/\/www.linkedin.com\/company\/sl\u00e4ppa?originalSubdomain=pl"],"logo":{"@type":"ImageObject","@id":"https:\/\/slappa.co\/#logo","inLanguage":"en-US","url":"https:\/\/beta.slappa.co\/wp-content\/uploads\/2021\/10\/logo.png","contentUrl":"https:\/\/beta.slappa.co\/wp-content\/uploads\/2021\/10\/logo.png","width":501,"height":147,"caption":"Slappa"},"image":{"@id":"https:\/\/slappa.co\/#logo"}},{"@type":"WebSite","@id":"https:\/\/slappa.co\/#website","url":"https:\/\/slappa.co\/","name":"Slappa.co","description":"eko \u015brodki czysto\u015bci w musuj\u0105cych tabletkach","publisher":{"@id":"https:\/\/slappa.co\/#organization"},"potentialAction":[{"@type":"SearchAction","target":{"@type":"EntryPoint","urlTemplate":"https:\/\/slappa.co\/?s={search_term_string}"},"query-input":"required name=search_term_string"}],"inLanguage":"en-US"},{"@type":"ImageObject","@id":"https:\/\/slappa.co\/en\/registration\/#primaryimage","inLanguage":"en-US","url":"https:\/\/slappa.co\/wp-content\/uploads\/2022\/05\/slappa_summer_studio3677_1min-4cdhrahs.jpg","contentUrl":"https:\/\/slappa.co\/wp-content\/uploads\/2022\/05\/slappa_summer_studio3677_1min-4cdhrahs.jpg","width":1400,"height":1400,"caption":"wega\u0144skie_tabletki_do_sprz\u0105tania"},{"@type":"WebPage","@id":"https:\/\/slappa.co\/en\/registration\/#webpage","url":"https:\/\/slappa.co\/en\/registration\/","name":"Registration - Slappa.co","isPartOf":{"@id":"https:\/\/slappa.co\/#website"},"primaryImageOfPage":{"@id":"https:\/\/slappa.co\/en\/registration\/#primaryimage"},"datePublished":"2022-04-05T14:21:39+00:00","dateModified":"2022-04-15T10:03:57+00:00","breadcrumb":{"@id":"https:\/\/slappa.co\/en\/registration\/#breadcrumb"},"inLanguage":"en-US","potentialAction":[{"@type":"ReadAction","target":["https:\/\/slappa.co\/en\/registration\/"]}]},{"@type":"BreadcrumbList","@id":"https:\/\/slappa.co\/en\/registration\/#breadcrumb","itemListElement":[{"@type":"ListItem","position":1,"name":"Home","item":"https:\/\/slappa.co\/en\/"},{"@type":"ListItem","position":2,"name":"Registration"}]}]}},"_links":{"self":[{"href":"https:\/\/slappa.co\/en\/wp-json\/wp\/v2\/pages\/712"}],"collection":[{"href":"https:\/\/slappa.co\/en\/wp-json\/wp\/v2\/pages"}],"about":[{"href":"https:\/\/slappa.co\/en\/wp-json\/wp\/v2\/types\/page"}],"author":[{"embeddable":true,"href":"https:\/\/slappa.co\/en\/wp-json\/wp\/v2\/users\/1"}],"replies":[{"embeddable":true,"href":"https:\/\/slappa.co\/en\/wp-json\/wp\/v2\/comments?post=712"}],"version-history":[{"count":0,"href":"https:\/\/slappa.co\/en\/wp-json\/wp\/v2\/pages\/712\/revisions"}],"wp:featuredmedia":[{"embeddable":true,"href":"https:\/\/slappa.co\/en\/wp-json\/wp\/v2\/media\/1075"}],"wp:attachment":[{"href":"https:\/\/slappa.co\/en\/wp-json\/wp\/v2\/media?parent=712"}],"curies":[{"name":"wp","href":"https:\/\/api.w.org\/{rel}","templated":true}]}}