{"id":709,"date":"2022-04-05T16:19:19","date_gmt":"2022-04-05T14:19:19","guid":{"rendered":"https:\/\/slappa.co\/?page_id=709"},"modified":"2024-11-02T16:36:17","modified_gmt":"2024-11-02T15:36:17","slug":"press","status":"publish","type":"page","link":"https:\/\/slappa.co\/en\/press\/","title":{"rendered":"Press"},"content":{"rendered":"<h3><span style=\"font-weight: 400;\">Innovation and impact are on our minds 24\/7 that&#8217;s why we&#8217;re so grateful for every article written about us!\u00a0<\/span><\/h3>\n<p>&nbsp;<\/p>\n<p>We&#8217;ve been chosen the <strong><a href=\"https:\/\/kozminskihub.com\/raport-startupy-pozytywnego-wplywu\/\">Positive Impact Startup of 2024<\/a><\/strong> by Ko\u017ami\u0144ski Academy!<\/p>\n<p><img loading=\"lazy\" class=\"size-medium wp-image-2772 img-fluid\" src=\"https:\/\/slappa.co\/wp-content\/uploads\/2024\/11\/screenshot-2024-06-30-at-21.17.06-212x300.png\" alt=\"startup pozytywnego wp\u0142ywu\" width=\"212\" height=\"300\" srcset=\"https:\/\/slappa.co\/wp-content\/uploads\/2024\/11\/screenshot-2024-06-30-at-21.17.06-212x300.png 212w, https:\/\/slappa.co\/wp-content\/uploads\/2024\/11\/screenshot-2024-06-30-at-21.17.06-725x1024.png 725w, https:\/\/slappa.co\/wp-content\/uploads\/2024\/11\/screenshot-2024-06-30-at-21.17.06-768x1085.png 768w, https:\/\/slappa.co\/wp-content\/uploads\/2024\/11\/screenshot-2024-06-30-at-21.17.06-1087x1536.png 1087w, https:\/\/slappa.co\/wp-content\/uploads\/2024\/11\/screenshot-2024-06-30-at-21.17.06-600x848.png 600w, https:\/\/slappa.co\/wp-content\/uploads\/2024\/11\/screenshot-2024-06-30-at-21.17.06.png 1226w\" sizes=\"(max-width: 212px) 100vw, 212px\" \/><\/p>\n<p>&nbsp;<\/p>\n<p>&nbsp;<\/p>\n<p id=\"tw-target-text\" class=\"tw-data-text tw-text-large tw-ta\" dir=\"ltr\" data-placeholder=\"T\u0142umaczenie\" data-ved=\"2ahUKEwiug7KI-L2JAxWeLBAIHUClOg4Q3ewLegQIAxAU\" aria-label=\"Przet\u0142umaczony tekst: Innovation is our middle name, so we are extremely pleased that the media also write about us and our mission!\n\nWe have become the Positive Impact Startup 2024 according to the Leon Ko\u017ami\u0144ski Academy\n\nForbes magazine wrote about us and our idea, which gave us the wind to develop new products\n\nIf you want to write about us (we would be very pleased), download our mediakit, where you will find photos and the most important information. Sl\u00e4ppa is a Polish brand of cleaning tablets. Add your drop to a plastic-free world!\u00a0\n\nIf you want to contact us - write to pawel@slappa.co\n\nDownload mediakit\"><span class=\"Y2IQFc\" lang=\"en\">Forbes magazine wrote <strong>about us and our idea<\/strong>, which gave us the energy to develop new products <\/span><\/p>\n<p>&nbsp;<\/p>\n<p><img loading=\"lazy\" class=\"alignnone size-medium wp-image-2774 img-fluid\" src=\"https:\/\/slappa.co\/wp-content\/uploads\/2024\/11\/forbes-logo-converted-768x217-1-300x85.jpg\" alt=\"slappa Forbes\" width=\"300\" height=\"85\" srcset=\"https:\/\/slappa.co\/wp-content\/uploads\/2024\/11\/forbes-logo-converted-768x217-1-300x85.jpg 300w, https:\/\/slappa.co\/wp-content\/uploads\/2024\/11\/forbes-logo-converted-768x217-1-600x170.jpg 600w, https:\/\/slappa.co\/wp-content\/uploads\/2024\/11\/forbes-logo-converted-768x217-1.jpg 768w\" sizes=\"(max-width: 300px) 100vw, 300px\" \/><\/p>\n<p>&nbsp;<\/p>\n<p>If you want to write about us (we&#8217;ll be over the moon!), download our media kit, where you will find photos and facts about us our company <a href=\"https:\/\/slappa.co\/en\/values\/\">#addyourdrop<\/a><\/p>\n<p>Regarding media &#8211; contact us at <a href=\"mailto:pawel@slappa.co\">pawel@slappa.co<\/a><\/p>\n<p><a class=\"btn feiry-coral\" href=\"https:\/\/slappa.co\/wp-content\/uploads\/2023\/04\/media-kit-2023.zip\">Download mediakit<\/a><\/p>\n","protected":false},"excerpt":{"rendered":"<p>Innovation and impact are on our minds 24\/7 that&#8217;s why we&#8217;re so grateful for every article written about us!\u00a0 &nbsp; We&#8217;ve been chosen the Positive Impact Startup of 2024 by Ko\u017ami\u0144ski Academy! &nbsp; &nbsp; Forbes magazine wrote about us and our idea, which gave us the energy to develop new products &nbsp; &nbsp; If you [&hellip;]<\/p>\n","protected":false},"author":1,"featured_media":0,"parent":0,"menu_order":0,"comment_status":"closed","ping_status":"closed","template":"page-templates\/newsletter.php","meta":[],"acf":[],"yoast_head":"<!-- This site is optimized with the Yoast SEO plugin v18.6 - https:\/\/yoast.com\/wordpress\/plugins\/seo\/ -->\n<title>Press - Slappa.co<\/title>\n<meta name=\"description\" content=\"Polish brand of cleaning tablets. Ecological, vegan, aesthetic and safe. Sl\u00e4ppa is your drop to a world without plastic.\" \/>\n<meta name=\"robots\" content=\"index, follow, max-snippet:-1, max-image-preview:large, max-video-preview:-1\" \/>\n<link rel=\"canonical\" href=\"https:\/\/slappa.co\/en\/press\/\" \/>\n<meta property=\"og:locale\" content=\"en_US\" \/>\n<meta property=\"og:type\" content=\"article\" \/>\n<meta property=\"og:title\" content=\"Press - Slappa.co\" \/>\n<meta property=\"og:description\" content=\"Polish brand of cleaning tablets. Ecological, vegan, aesthetic and safe. Sl\u00e4ppa is your drop to a world without plastic.\" \/>\n<meta property=\"og:url\" content=\"https:\/\/slappa.co\/en\/press\/\" \/>\n<meta property=\"og:site_name\" content=\"Slappa.co\" \/>\n<meta property=\"article:publisher\" content=\"https:\/\/www.facebook.com\/share\/ttAfoJ21XdQW3JBK\/?mibextid=wwXIfr\" \/>\n<meta property=\"article:modified_time\" content=\"2024-11-02T15:36:17+00:00\" \/>\n<meta property=\"og:image\" content=\"https:\/\/slappa.co\/wp-content\/uploads\/2024\/11\/screenshot-2024-06-30-at-21.17.06-212x300.png\" \/>\n<meta name=\"twitter:card\" content=\"summary_large_image\" \/>\n<meta name=\"twitter:label1\" content=\"Est. reading time\" \/>\n\t<meta name=\"twitter:data1\" content=\"1 minute\" \/>\n<script type=\"application\/ld+json\" class=\"yoast-schema-graph\">{\"@context\":\"https:\/\/schema.org\",\"@graph\":[{\"@type\":\"Organization\",\"@id\":\"https:\/\/slappa.co\/#organization\",\"name\":\"Slappa\",\"url\":\"https:\/\/slappa.co\/\",\"sameAs\":[\"https:\/\/www.facebook.com\/share\/ttAfoJ21XdQW3JBK\/?mibextid=wwXIfr\",\"https:\/\/www.instagram.com\/slappa.co\/\",\"https:\/\/www.linkedin.com\/company\/sl\u00e4ppa?originalSubdomain=pl\"],\"logo\":{\"@type\":\"ImageObject\",\"@id\":\"https:\/\/slappa.co\/#logo\",\"inLanguage\":\"en-US\",\"url\":\"https:\/\/beta.slappa.co\/wp-content\/uploads\/2021\/10\/logo.png\",\"contentUrl\":\"https:\/\/beta.slappa.co\/wp-content\/uploads\/2021\/10\/logo.png\",\"width\":501,\"height\":147,\"caption\":\"Slappa\"},\"image\":{\"@id\":\"https:\/\/slappa.co\/#logo\"}},{\"@type\":\"WebSite\",\"@id\":\"https:\/\/slappa.co\/#website\",\"url\":\"https:\/\/slappa.co\/\",\"name\":\"Slappa.co\",\"description\":\"eko \u015brodki czysto\u015bci w musuj\u0105cych tabletkach\",\"publisher\":{\"@id\":\"https:\/\/slappa.co\/#organization\"},\"potentialAction\":[{\"@type\":\"SearchAction\",\"target\":{\"@type\":\"EntryPoint\",\"urlTemplate\":\"https:\/\/slappa.co\/?s={search_term_string}\"},\"query-input\":\"required name=search_term_string\"}],\"inLanguage\":\"en-US\"},{\"@type\":\"ImageObject\",\"@id\":\"https:\/\/slappa.co\/en\/press\/#primaryimage\",\"inLanguage\":\"en-US\",\"url\":\"https:\/\/slappa.co\/wp-content\/uploads\/2024\/11\/screenshot-2024-06-30-at-21.17.06.png\",\"contentUrl\":\"https:\/\/slappa.co\/wp-content\/uploads\/2024\/11\/screenshot-2024-06-30-at-21.17.06.png\",\"width\":1226,\"height\":1732,\"caption\":\"startup pozytywnego wp\u0142ywu\"},{\"@type\":\"WebPage\",\"@id\":\"https:\/\/slappa.co\/en\/press\/#webpage\",\"url\":\"https:\/\/slappa.co\/en\/press\/\",\"name\":\"Press - Slappa.co\",\"isPartOf\":{\"@id\":\"https:\/\/slappa.co\/#website\"},\"primaryImageOfPage\":{\"@id\":\"https:\/\/slappa.co\/en\/press\/#primaryimage\"},\"datePublished\":\"2022-04-05T14:19:19+00:00\",\"dateModified\":\"2024-11-02T15:36:17+00:00\",\"description\":\"Polish brand of cleaning tablets. Ecological, vegan, aesthetic and safe. Sl\u00e4ppa is your drop to a world without plastic.\",\"breadcrumb\":{\"@id\":\"https:\/\/slappa.co\/en\/press\/#breadcrumb\"},\"inLanguage\":\"en-US\",\"potentialAction\":[{\"@type\":\"ReadAction\",\"target\":[\"https:\/\/slappa.co\/en\/press\/\"]}]},{\"@type\":\"BreadcrumbList\",\"@id\":\"https:\/\/slappa.co\/en\/press\/#breadcrumb\",\"itemListElement\":[{\"@type\":\"ListItem\",\"position\":1,\"name\":\"Home\",\"item\":\"https:\/\/slappa.co\/en\/\"},{\"@type\":\"ListItem\",\"position\":2,\"name\":\"Press\"}]}]}<\/script>\n<!-- \/ Yoast SEO plugin. -->","yoast_head_json":{"title":"Press - Slappa.co","description":"Polish brand of cleaning tablets. Ecological, vegan, aesthetic and safe. Sl\u00e4ppa is your drop to a world without plastic.","robots":{"index":"index","follow":"follow","max-snippet":"max-snippet:-1","max-image-preview":"max-image-preview:large","max-video-preview":"max-video-preview:-1"},"canonical":"https:\/\/slappa.co\/en\/press\/","og_locale":"en_US","og_type":"article","og_title":"Press - Slappa.co","og_description":"Polish brand of cleaning tablets. Ecological, vegan, aesthetic and safe. Sl\u00e4ppa is your drop to a world without plastic.","og_url":"https:\/\/slappa.co\/en\/press\/","og_site_name":"Slappa.co","article_publisher":"https:\/\/www.facebook.com\/share\/ttAfoJ21XdQW3JBK\/?mibextid=wwXIfr","article_modified_time":"2024-11-02T15:36:17+00:00","og_image":[{"url":"https:\/\/slappa.co\/wp-content\/uploads\/2024\/11\/screenshot-2024-06-30-at-21.17.06-212x300.png"}],"twitter_card":"summary_large_image","twitter_misc":{"Est. reading time":"1 minute"},"schema":{"@context":"https:\/\/schema.org","@graph":[{"@type":"Organization","@id":"https:\/\/slappa.co\/#organization","name":"Slappa","url":"https:\/\/slappa.co\/","sameAs":["https:\/\/www.facebook.com\/share\/ttAfoJ21XdQW3JBK\/?mibextid=wwXIfr","https:\/\/www.instagram.com\/slappa.co\/","https:\/\/www.linkedin.com\/company\/sl\u00e4ppa?originalSubdomain=pl"],"logo":{"@type":"ImageObject","@id":"https:\/\/slappa.co\/#logo","inLanguage":"en-US","url":"https:\/\/beta.slappa.co\/wp-content\/uploads\/2021\/10\/logo.png","contentUrl":"https:\/\/beta.slappa.co\/wp-content\/uploads\/2021\/10\/logo.png","width":501,"height":147,"caption":"Slappa"},"image":{"@id":"https:\/\/slappa.co\/#logo"}},{"@type":"WebSite","@id":"https:\/\/slappa.co\/#website","url":"https:\/\/slappa.co\/","name":"Slappa.co","description":"eko \u015brodki czysto\u015bci w musuj\u0105cych tabletkach","publisher":{"@id":"https:\/\/slappa.co\/#organization"},"potentialAction":[{"@type":"SearchAction","target":{"@type":"EntryPoint","urlTemplate":"https:\/\/slappa.co\/?s={search_term_string}"},"query-input":"required name=search_term_string"}],"inLanguage":"en-US"},{"@type":"ImageObject","@id":"https:\/\/slappa.co\/en\/press\/#primaryimage","inLanguage":"en-US","url":"https:\/\/slappa.co\/wp-content\/uploads\/2024\/11\/screenshot-2024-06-30-at-21.17.06.png","contentUrl":"https:\/\/slappa.co\/wp-content\/uploads\/2024\/11\/screenshot-2024-06-30-at-21.17.06.png","width":1226,"height":1732,"caption":"startup pozytywnego wp\u0142ywu"},{"@type":"WebPage","@id":"https:\/\/slappa.co\/en\/press\/#webpage","url":"https:\/\/slappa.co\/en\/press\/","name":"Press - Slappa.co","isPartOf":{"@id":"https:\/\/slappa.co\/#website"},"primaryImageOfPage":{"@id":"https:\/\/slappa.co\/en\/press\/#primaryimage"},"datePublished":"2022-04-05T14:19:19+00:00","dateModified":"2024-11-02T15:36:17+00:00","description":"Polish brand of cleaning tablets. Ecological, vegan, aesthetic and safe. Sl\u00e4ppa is your drop to a world without plastic.","breadcrumb":{"@id":"https:\/\/slappa.co\/en\/press\/#breadcrumb"},"inLanguage":"en-US","potentialAction":[{"@type":"ReadAction","target":["https:\/\/slappa.co\/en\/press\/"]}]},{"@type":"BreadcrumbList","@id":"https:\/\/slappa.co\/en\/press\/#breadcrumb","itemListElement":[{"@type":"ListItem","position":1,"name":"Home","item":"https:\/\/slappa.co\/en\/"},{"@type":"ListItem","position":2,"name":"Press"}]}]}},"_links":{"self":[{"href":"https:\/\/slappa.co\/en\/wp-json\/wp\/v2\/pages\/709"}],"collection":[{"href":"https:\/\/slappa.co\/en\/wp-json\/wp\/v2\/pages"}],"about":[{"href":"https:\/\/slappa.co\/en\/wp-json\/wp\/v2\/types\/page"}],"author":[{"embeddable":true,"href":"https:\/\/slappa.co\/en\/wp-json\/wp\/v2\/users\/1"}],"replies":[{"embeddable":true,"href":"https:\/\/slappa.co\/en\/wp-json\/wp\/v2\/comments?post=709"}],"version-history":[{"count":3,"href":"https:\/\/slappa.co\/en\/wp-json\/wp\/v2\/pages\/709\/revisions"}],"predecessor-version":[{"id":2782,"href":"https:\/\/slappa.co\/en\/wp-json\/wp\/v2\/pages\/709\/revisions\/2782"}],"wp:attachment":[{"href":"https:\/\/slappa.co\/en\/wp-json\/wp\/v2\/media?parent=709"}],"curies":[{"name":"wp","href":"https:\/\/api.w.org\/{rel}","templated":true}]}}