{"id":707,"date":"2022-04-05T16:18:03","date_gmt":"2022-04-05T14:18:03","guid":{"rendered":"https:\/\/slappa.co\/?page_id=707"},"modified":"2023-07-29T17:15:58","modified_gmt":"2023-07-29T15:15:58","slug":"eco-cleaning-fizzy-tabs","status":"publish","type":"page","link":"https:\/\/slappa.co\/en\/eco-cleaning-fizzy-tabs\/","title":{"rendered":"FAQ"},"content":{"rendered":"<h4><\/h4>\n<h3 style=\"text-align: center;\">Check how to reduce single-use plastic and save some space at home! Sl\u00e4ppa is revolutionary, water soluble eco cleaning solution\u00a0<a href=\"https:\/\/slappa.co\/en\/values\/\"><strong>#addyourdrop<\/strong><\/a><\/h3>\n<p style=\"text-align: center;\"><span style=\"color: #d07262;\">Got some questions? Simply email us at <strong><a style=\"color: #d07262;\" href=\"mailto:hello@slappa.co\">hello@slappa.co<\/a>\u00a0 &#8211; <\/strong><\/span><span style=\"color: #d07262;\">we&#8217;re here for you always doing our best to help!\u00a0<\/span><\/p>\n<h3 style=\"text-align: center;\"><\/h3>\n<h3><img loading=\"lazy\" class=\"wp-image-2341 img-fluid aligncenter\" src=\"https:\/\/slappa.co\/wp-content\/uploads\/2023\/07\/slappa_drops_rgb_1-300x300.png\" alt=\"addyourdrop\" width=\"175\" height=\"175\" srcset=\"https:\/\/slappa.co\/wp-content\/uploads\/2023\/07\/slappa_drops_rgb_1-300x300.png 300w, https:\/\/slappa.co\/wp-content\/uploads\/2023\/07\/slappa_drops_rgb_1-150x150.png 150w, https:\/\/slappa.co\/wp-content\/uploads\/2023\/07\/slappa_drops_rgb_1-768x771.png 768w, https:\/\/slappa.co\/wp-content\/uploads\/2023\/07\/slappa_drops_rgb_1-600x602.png 600w, https:\/\/slappa.co\/wp-content\/uploads\/2023\/07\/slappa_drops_rgb_1-100x100.png 100w, https:\/\/slappa.co\/wp-content\/uploads\/2023\/07\/slappa_drops_rgb_1.png 838w\" sizes=\"(max-width: 175px) 100vw, 175px\" \/><\/h3>\n<p>&nbsp;<\/p>\n","protected":false},"excerpt":{"rendered":"<p>Check how to reduce single-use plastic and save some space at home! Sl\u00e4ppa is revolutionary, water soluble eco cleaning solution\u00a0#addyourdrop Got some questions? Simply email us at hello@slappa.co\u00a0 &#8211; we&#8217;re here for you always doing our best to help!\u00a0 &nbsp;<\/p>\n","protected":false},"author":1,"featured_media":0,"parent":0,"menu_order":0,"comment_status":"closed","ping_status":"closed","template":"page-templates\/faq.php","meta":[],"acf":[],"yoast_head":"<!-- This site is optimized with the Yoast SEO plugin v18.6 - https:\/\/yoast.com\/wordpress\/plugins\/seo\/ -->\n<title>FAQ - Slappa.co<\/title>\n<meta name=\"description\" content=\"Polish brand of cleaning tablets. Ecological, vegan, aesthetic and safe. Sl\u00e4ppa is your drop to a world without plastic.\" \/>\n<meta name=\"robots\" content=\"index, follow, max-snippet:-1, max-image-preview:large, max-video-preview:-1\" \/>\n<link rel=\"canonical\" href=\"https:\/\/slappa.co\/en\/eco-cleaning-fizzy-tabs\/\" \/>\n<meta property=\"og:locale\" content=\"en_US\" \/>\n<meta property=\"og:type\" content=\"article\" \/>\n<meta property=\"og:title\" content=\"FAQ - Slappa.co\" \/>\n<meta property=\"og:description\" content=\"Polish brand of cleaning tablets. Ecological, vegan, aesthetic and safe. Sl\u00e4ppa is your drop to a world without plastic.\" \/>\n<meta property=\"og:url\" content=\"https:\/\/slappa.co\/en\/eco-cleaning-fizzy-tabs\/\" \/>\n<meta property=\"og:site_name\" content=\"Slappa.co\" \/>\n<meta property=\"article:publisher\" content=\"https:\/\/www.facebook.com\/share\/ttAfoJ21XdQW3JBK\/?mibextid=wwXIfr\" \/>\n<meta property=\"article:modified_time\" content=\"2023-07-29T15:15:58+00:00\" \/>\n<meta property=\"og:image\" content=\"https:\/\/slappa.co\/wp-content\/uploads\/2023\/07\/slappa_drops_rgb_1-300x300.png\" \/>\n<meta name=\"twitter:card\" content=\"summary_large_image\" \/>\n<script type=\"application\/ld+json\" class=\"yoast-schema-graph\">{\"@context\":\"https:\/\/schema.org\",\"@graph\":[{\"@type\":\"Organization\",\"@id\":\"https:\/\/slappa.co\/#organization\",\"name\":\"Slappa\",\"url\":\"https:\/\/slappa.co\/\",\"sameAs\":[\"https:\/\/www.facebook.com\/share\/ttAfoJ21XdQW3JBK\/?mibextid=wwXIfr\",\"https:\/\/www.instagram.com\/slappa.co\/\",\"https:\/\/www.linkedin.com\/company\/sl\u00e4ppa?originalSubdomain=pl\"],\"logo\":{\"@type\":\"ImageObject\",\"@id\":\"https:\/\/slappa.co\/#logo\",\"inLanguage\":\"en-US\",\"url\":\"https:\/\/beta.slappa.co\/wp-content\/uploads\/2021\/10\/logo.png\",\"contentUrl\":\"https:\/\/beta.slappa.co\/wp-content\/uploads\/2021\/10\/logo.png\",\"width\":501,\"height\":147,\"caption\":\"Slappa\"},\"image\":{\"@id\":\"https:\/\/slappa.co\/#logo\"}},{\"@type\":\"WebSite\",\"@id\":\"https:\/\/slappa.co\/#website\",\"url\":\"https:\/\/slappa.co\/\",\"name\":\"Slappa.co\",\"description\":\"eko \u015brodki czysto\u015bci w musuj\u0105cych tabletkach\",\"publisher\":{\"@id\":\"https:\/\/slappa.co\/#organization\"},\"potentialAction\":[{\"@type\":\"SearchAction\",\"target\":{\"@type\":\"EntryPoint\",\"urlTemplate\":\"https:\/\/slappa.co\/?s={search_term_string}\"},\"query-input\":\"required name=search_term_string\"}],\"inLanguage\":\"en-US\"},{\"@type\":\"ImageObject\",\"@id\":\"https:\/\/slappa.co\/en\/eco-cleaning-fizzy-tabs\/#primaryimage\",\"inLanguage\":\"en-US\",\"url\":\"https:\/\/slappa.co\/wp-content\/uploads\/2023\/07\/slappa_drops_rgb_1.png\",\"contentUrl\":\"https:\/\/slappa.co\/wp-content\/uploads\/2023\/07\/slappa_drops_rgb_1.png\",\"width\":838,\"height\":841},{\"@type\":\"WebPage\",\"@id\":\"https:\/\/slappa.co\/en\/eco-cleaning-fizzy-tabs\/#webpage\",\"url\":\"https:\/\/slappa.co\/en\/eco-cleaning-fizzy-tabs\/\",\"name\":\"FAQ - Slappa.co\",\"isPartOf\":{\"@id\":\"https:\/\/slappa.co\/#website\"},\"primaryImageOfPage\":{\"@id\":\"https:\/\/slappa.co\/en\/eco-cleaning-fizzy-tabs\/#primaryimage\"},\"datePublished\":\"2022-04-05T14:18:03+00:00\",\"dateModified\":\"2023-07-29T15:15:58+00:00\",\"description\":\"Polish brand of cleaning tablets. Ecological, vegan, aesthetic and safe. Sl\u00e4ppa is your drop to a world without plastic.\",\"breadcrumb\":{\"@id\":\"https:\/\/slappa.co\/en\/eco-cleaning-fizzy-tabs\/#breadcrumb\"},\"inLanguage\":\"en-US\",\"potentialAction\":[{\"@type\":\"ReadAction\",\"target\":[\"https:\/\/slappa.co\/en\/eco-cleaning-fizzy-tabs\/\"]}]},{\"@type\":\"BreadcrumbList\",\"@id\":\"https:\/\/slappa.co\/en\/eco-cleaning-fizzy-tabs\/#breadcrumb\",\"itemListElement\":[{\"@type\":\"ListItem\",\"position\":1,\"name\":\"Home\",\"item\":\"https:\/\/slappa.co\/en\/\"},{\"@type\":\"ListItem\",\"position\":2,\"name\":\"FAQ\"}]}]}<\/script>\n<!-- \/ Yoast SEO plugin. -->","yoast_head_json":{"title":"FAQ - Slappa.co","description":"Polish brand of cleaning tablets. Ecological, vegan, aesthetic and safe. Sl\u00e4ppa is your drop to a world without plastic.","robots":{"index":"index","follow":"follow","max-snippet":"max-snippet:-1","max-image-preview":"max-image-preview:large","max-video-preview":"max-video-preview:-1"},"canonical":"https:\/\/slappa.co\/en\/eco-cleaning-fizzy-tabs\/","og_locale":"en_US","og_type":"article","og_title":"FAQ - Slappa.co","og_description":"Polish brand of cleaning tablets. Ecological, vegan, aesthetic and safe. Sl\u00e4ppa is your drop to a world without plastic.","og_url":"https:\/\/slappa.co\/en\/eco-cleaning-fizzy-tabs\/","og_site_name":"Slappa.co","article_publisher":"https:\/\/www.facebook.com\/share\/ttAfoJ21XdQW3JBK\/?mibextid=wwXIfr","article_modified_time":"2023-07-29T15:15:58+00:00","og_image":[{"url":"https:\/\/slappa.co\/wp-content\/uploads\/2023\/07\/slappa_drops_rgb_1-300x300.png"}],"twitter_card":"summary_large_image","schema":{"@context":"https:\/\/schema.org","@graph":[{"@type":"Organization","@id":"https:\/\/slappa.co\/#organization","name":"Slappa","url":"https:\/\/slappa.co\/","sameAs":["https:\/\/www.facebook.com\/share\/ttAfoJ21XdQW3JBK\/?mibextid=wwXIfr","https:\/\/www.instagram.com\/slappa.co\/","https:\/\/www.linkedin.com\/company\/sl\u00e4ppa?originalSubdomain=pl"],"logo":{"@type":"ImageObject","@id":"https:\/\/slappa.co\/#logo","inLanguage":"en-US","url":"https:\/\/beta.slappa.co\/wp-content\/uploads\/2021\/10\/logo.png","contentUrl":"https:\/\/beta.slappa.co\/wp-content\/uploads\/2021\/10\/logo.png","width":501,"height":147,"caption":"Slappa"},"image":{"@id":"https:\/\/slappa.co\/#logo"}},{"@type":"WebSite","@id":"https:\/\/slappa.co\/#website","url":"https:\/\/slappa.co\/","name":"Slappa.co","description":"eko \u015brodki czysto\u015bci w musuj\u0105cych tabletkach","publisher":{"@id":"https:\/\/slappa.co\/#organization"},"potentialAction":[{"@type":"SearchAction","target":{"@type":"EntryPoint","urlTemplate":"https:\/\/slappa.co\/?s={search_term_string}"},"query-input":"required name=search_term_string"}],"inLanguage":"en-US"},{"@type":"ImageObject","@id":"https:\/\/slappa.co\/en\/eco-cleaning-fizzy-tabs\/#primaryimage","inLanguage":"en-US","url":"https:\/\/slappa.co\/wp-content\/uploads\/2023\/07\/slappa_drops_rgb_1.png","contentUrl":"https:\/\/slappa.co\/wp-content\/uploads\/2023\/07\/slappa_drops_rgb_1.png","width":838,"height":841},{"@type":"WebPage","@id":"https:\/\/slappa.co\/en\/eco-cleaning-fizzy-tabs\/#webpage","url":"https:\/\/slappa.co\/en\/eco-cleaning-fizzy-tabs\/","name":"FAQ - Slappa.co","isPartOf":{"@id":"https:\/\/slappa.co\/#website"},"primaryImageOfPage":{"@id":"https:\/\/slappa.co\/en\/eco-cleaning-fizzy-tabs\/#primaryimage"},"datePublished":"2022-04-05T14:18:03+00:00","dateModified":"2023-07-29T15:15:58+00:00","description":"Polish brand of cleaning tablets. Ecological, vegan, aesthetic and safe. Sl\u00e4ppa is your drop to a world without plastic.","breadcrumb":{"@id":"https:\/\/slappa.co\/en\/eco-cleaning-fizzy-tabs\/#breadcrumb"},"inLanguage":"en-US","potentialAction":[{"@type":"ReadAction","target":["https:\/\/slappa.co\/en\/eco-cleaning-fizzy-tabs\/"]}]},{"@type":"BreadcrumbList","@id":"https:\/\/slappa.co\/en\/eco-cleaning-fizzy-tabs\/#breadcrumb","itemListElement":[{"@type":"ListItem","position":1,"name":"Home","item":"https:\/\/slappa.co\/en\/"},{"@type":"ListItem","position":2,"name":"FAQ"}]}]}},"_links":{"self":[{"href":"https:\/\/slappa.co\/en\/wp-json\/wp\/v2\/pages\/707"}],"collection":[{"href":"https:\/\/slappa.co\/en\/wp-json\/wp\/v2\/pages"}],"about":[{"href":"https:\/\/slappa.co\/en\/wp-json\/wp\/v2\/types\/page"}],"author":[{"embeddable":true,"href":"https:\/\/slappa.co\/en\/wp-json\/wp\/v2\/users\/1"}],"replies":[{"embeddable":true,"href":"https:\/\/slappa.co\/en\/wp-json\/wp\/v2\/comments?post=707"}],"version-history":[{"count":4,"href":"https:\/\/slappa.co\/en\/wp-json\/wp\/v2\/pages\/707\/revisions"}],"predecessor-version":[{"id":2360,"href":"https:\/\/slappa.co\/en\/wp-json\/wp\/v2\/pages\/707\/revisions\/2360"}],"wp:attachment":[{"href":"https:\/\/slappa.co\/en\/wp-json\/wp\/v2\/media?parent=707"}],"curies":[{"name":"wp","href":"https:\/\/api.w.org\/{rel}","templated":true}]}}