{"id":700,"date":"2022-04-05T16:09:31","date_gmt":"2022-04-05T14:09:31","guid":{"rendered":"https:\/\/slappa.co\/?page_id=700"},"modified":"2023-08-07T15:03:26","modified_gmt":"2023-08-07T13:03:26","slug":"subscription","status":"publish","type":"page","link":"https:\/\/slappa.co\/en\/subscription\/","title":{"rendered":"Subscription"},"content":{"rendered":"","protected":false},"excerpt":{"rendered":"","protected":false},"author":1,"featured_media":2833,"parent":0,"menu_order":0,"comment_status":"closed","ping_status":"closed","template":"page-templates\/subscription.php","meta":[],"acf":[],"yoast_head":"<!-- This site is optimized with the Yoast SEO plugin v18.6 - https:\/\/yoast.com\/wordpress\/plugins\/seo\/ -->\n<title>Subscription - Slappa.co<\/title>\n<meta name=\"description\" content=\"Polish brand of cleaning tablets. Ecological, vegan, aesthetic and safe. Sl\u00e4ppa is your drop to a world without plastic.\" \/>\n<meta name=\"robots\" content=\"index, follow, max-snippet:-1, max-image-preview:large, max-video-preview:-1\" \/>\n<link rel=\"canonical\" href=\"https:\/\/slappa.co\/en\/subscription\/\" \/>\n<meta property=\"og:locale\" content=\"en_US\" \/>\n<meta property=\"og:type\" content=\"article\" \/>\n<meta property=\"og:title\" content=\"Subscription - Slappa.co\" \/>\n<meta property=\"og:description\" content=\"Polish brand of cleaning tablets. Ecological, vegan, aesthetic and safe. Sl\u00e4ppa is your drop to a world without plastic.\" \/>\n<meta property=\"og:url\" content=\"https:\/\/slappa.co\/en\/subscription\/\" \/>\n<meta property=\"og:site_name\" content=\"Slappa.co\" \/>\n<meta property=\"article:publisher\" content=\"https:\/\/www.facebook.com\/share\/ttAfoJ21XdQW3JBK\/?mibextid=wwXIfr\" \/>\n<meta property=\"article:modified_time\" content=\"2023-08-07T13:03:26+00:00\" \/>\n<meta name=\"twitter:card\" content=\"summary_large_image\" \/>\n<meta name=\"twitter:label1\" content=\"Est. reading time\" \/>\n\t<meta name=\"twitter:data1\" content=\"1 minute\" \/>\n<script type=\"application\/ld+json\" class=\"yoast-schema-graph\">{\"@context\":\"https:\/\/schema.org\",\"@graph\":[{\"@type\":\"Organization\",\"@id\":\"https:\/\/slappa.co\/#organization\",\"name\":\"Slappa\",\"url\":\"https:\/\/slappa.co\/\",\"sameAs\":[\"https:\/\/www.facebook.com\/share\/ttAfoJ21XdQW3JBK\/?mibextid=wwXIfr\",\"https:\/\/www.instagram.com\/slappa.co\/\",\"https:\/\/www.linkedin.com\/company\/sl\u00e4ppa?originalSubdomain=pl\"],\"logo\":{\"@type\":\"ImageObject\",\"@id\":\"https:\/\/slappa.co\/#logo\",\"inLanguage\":\"en-US\",\"url\":\"https:\/\/beta.slappa.co\/wp-content\/uploads\/2021\/10\/logo.png\",\"contentUrl\":\"https:\/\/beta.slappa.co\/wp-content\/uploads\/2021\/10\/logo.png\",\"width\":501,\"height\":147,\"caption\":\"Slappa\"},\"image\":{\"@id\":\"https:\/\/slappa.co\/#logo\"}},{\"@type\":\"WebSite\",\"@id\":\"https:\/\/slappa.co\/#website\",\"url\":\"https:\/\/slappa.co\/\",\"name\":\"Slappa.co\",\"description\":\"eko \u015brodki czysto\u015bci w musuj\u0105cych tabletkach\",\"publisher\":{\"@id\":\"https:\/\/slappa.co\/#organization\"},\"potentialAction\":[{\"@type\":\"SearchAction\",\"target\":{\"@type\":\"EntryPoint\",\"urlTemplate\":\"https:\/\/slappa.co\/?s={search_term_string}\"},\"query-input\":\"required name=search_term_string\"}],\"inLanguage\":\"en-US\"},{\"@type\":\"ImageObject\",\"@id\":\"https:\/\/slappa.co\/en\/subscription\/#primaryimage\",\"inLanguage\":\"en-US\",\"url\":\"https:\/\/slappa.co\/wp-content\/uploads\/2024\/12\/slappa_stills4747_web-scaled-e1733593989578.jpg\",\"contentUrl\":\"https:\/\/slappa.co\/wp-content\/uploads\/2024\/12\/slappa_stills4747_web-scaled-e1733593989578.jpg\",\"width\":1707,\"height\":2560,\"caption\":\"dostawa-papierowe-opakowanie\"},{\"@type\":\"WebPage\",\"@id\":\"https:\/\/slappa.co\/en\/subscription\/#webpage\",\"url\":\"https:\/\/slappa.co\/en\/subscription\/\",\"name\":\"Subscription - Slappa.co\",\"isPartOf\":{\"@id\":\"https:\/\/slappa.co\/#website\"},\"primaryImageOfPage\":{\"@id\":\"https:\/\/slappa.co\/en\/subscription\/#primaryimage\"},\"datePublished\":\"2022-04-05T14:09:31+00:00\",\"dateModified\":\"2023-08-07T13:03:26+00:00\",\"description\":\"Polish brand of cleaning tablets. Ecological, vegan, aesthetic and safe. Sl\u00e4ppa is your drop to a world without plastic.\",\"breadcrumb\":{\"@id\":\"https:\/\/slappa.co\/en\/subscription\/#breadcrumb\"},\"inLanguage\":\"en-US\",\"potentialAction\":[{\"@type\":\"ReadAction\",\"target\":[\"https:\/\/slappa.co\/en\/subscription\/\"]}]},{\"@type\":\"BreadcrumbList\",\"@id\":\"https:\/\/slappa.co\/en\/subscription\/#breadcrumb\",\"itemListElement\":[{\"@type\":\"ListItem\",\"position\":1,\"name\":\"Home\",\"item\":\"https:\/\/slappa.co\/en\/\"},{\"@type\":\"ListItem\",\"position\":2,\"name\":\"Subscription\"}]}]}<\/script>\n<!-- \/ Yoast SEO plugin. -->","yoast_head_json":{"title":"Subscription - Slappa.co","description":"Polish brand of cleaning tablets. Ecological, vegan, aesthetic and safe. Sl\u00e4ppa is your drop to a world without plastic.","robots":{"index":"index","follow":"follow","max-snippet":"max-snippet:-1","max-image-preview":"max-image-preview:large","max-video-preview":"max-video-preview:-1"},"canonical":"https:\/\/slappa.co\/en\/subscription\/","og_locale":"en_US","og_type":"article","og_title":"Subscription - Slappa.co","og_description":"Polish brand of cleaning tablets. Ecological, vegan, aesthetic and safe. Sl\u00e4ppa is your drop to a world without plastic.","og_url":"https:\/\/slappa.co\/en\/subscription\/","og_site_name":"Slappa.co","article_publisher":"https:\/\/www.facebook.com\/share\/ttAfoJ21XdQW3JBK\/?mibextid=wwXIfr","article_modified_time":"2023-08-07T13:03:26+00:00","twitter_card":"summary_large_image","twitter_misc":{"Est. reading time":"1 minute"},"schema":{"@context":"https:\/\/schema.org","@graph":[{"@type":"Organization","@id":"https:\/\/slappa.co\/#organization","name":"Slappa","url":"https:\/\/slappa.co\/","sameAs":["https:\/\/www.facebook.com\/share\/ttAfoJ21XdQW3JBK\/?mibextid=wwXIfr","https:\/\/www.instagram.com\/slappa.co\/","https:\/\/www.linkedin.com\/company\/sl\u00e4ppa?originalSubdomain=pl"],"logo":{"@type":"ImageObject","@id":"https:\/\/slappa.co\/#logo","inLanguage":"en-US","url":"https:\/\/beta.slappa.co\/wp-content\/uploads\/2021\/10\/logo.png","contentUrl":"https:\/\/beta.slappa.co\/wp-content\/uploads\/2021\/10\/logo.png","width":501,"height":147,"caption":"Slappa"},"image":{"@id":"https:\/\/slappa.co\/#logo"}},{"@type":"WebSite","@id":"https:\/\/slappa.co\/#website","url":"https:\/\/slappa.co\/","name":"Slappa.co","description":"eko \u015brodki czysto\u015bci w musuj\u0105cych tabletkach","publisher":{"@id":"https:\/\/slappa.co\/#organization"},"potentialAction":[{"@type":"SearchAction","target":{"@type":"EntryPoint","urlTemplate":"https:\/\/slappa.co\/?s={search_term_string}"},"query-input":"required name=search_term_string"}],"inLanguage":"en-US"},{"@type":"ImageObject","@id":"https:\/\/slappa.co\/en\/subscription\/#primaryimage","inLanguage":"en-US","url":"https:\/\/slappa.co\/wp-content\/uploads\/2024\/12\/slappa_stills4747_web-scaled-e1733593989578.jpg","contentUrl":"https:\/\/slappa.co\/wp-content\/uploads\/2024\/12\/slappa_stills4747_web-scaled-e1733593989578.jpg","width":1707,"height":2560,"caption":"dostawa-papierowe-opakowanie"},{"@type":"WebPage","@id":"https:\/\/slappa.co\/en\/subscription\/#webpage","url":"https:\/\/slappa.co\/en\/subscription\/","name":"Subscription - Slappa.co","isPartOf":{"@id":"https:\/\/slappa.co\/#website"},"primaryImageOfPage":{"@id":"https:\/\/slappa.co\/en\/subscription\/#primaryimage"},"datePublished":"2022-04-05T14:09:31+00:00","dateModified":"2023-08-07T13:03:26+00:00","description":"Polish brand of cleaning tablets. Ecological, vegan, aesthetic and safe. Sl\u00e4ppa is your drop to a world without plastic.","breadcrumb":{"@id":"https:\/\/slappa.co\/en\/subscription\/#breadcrumb"},"inLanguage":"en-US","potentialAction":[{"@type":"ReadAction","target":["https:\/\/slappa.co\/en\/subscription\/"]}]},{"@type":"BreadcrumbList","@id":"https:\/\/slappa.co\/en\/subscription\/#breadcrumb","itemListElement":[{"@type":"ListItem","position":1,"name":"Home","item":"https:\/\/slappa.co\/en\/"},{"@type":"ListItem","position":2,"name":"Subscription"}]}]}},"_links":{"self":[{"href":"https:\/\/slappa.co\/en\/wp-json\/wp\/v2\/pages\/700"}],"collection":[{"href":"https:\/\/slappa.co\/en\/wp-json\/wp\/v2\/pages"}],"about":[{"href":"https:\/\/slappa.co\/en\/wp-json\/wp\/v2\/types\/page"}],"author":[{"embeddable":true,"href":"https:\/\/slappa.co\/en\/wp-json\/wp\/v2\/users\/1"}],"replies":[{"embeddable":true,"href":"https:\/\/slappa.co\/en\/wp-json\/wp\/v2\/comments?post=700"}],"version-history":[{"count":13,"href":"https:\/\/slappa.co\/en\/wp-json\/wp\/v2\/pages\/700\/revisions"}],"predecessor-version":[{"id":2400,"href":"https:\/\/slappa.co\/en\/wp-json\/wp\/v2\/pages\/700\/revisions\/2400"}],"wp:featuredmedia":[{"embeddable":true,"href":"https:\/\/slappa.co\/en\/wp-json\/wp\/v2\/media\/2833"}],"wp:attachment":[{"href":"https:\/\/slappa.co\/en\/wp-json\/wp\/v2\/media?parent=700"}],"curies":[{"name":"wp","href":"https:\/\/api.w.org\/{rel}","templated":true}]}}