{"id":671,"date":"2022-04-05T14:48:35","date_gmt":"2022-04-05T12:48:35","guid":{"rendered":"https:\/\/slappa.co\/?page_id=671"},"modified":"2024-08-25T10:07:26","modified_gmt":"2024-08-25T08:07:26","slug":"privacy-policy","status":"publish","type":"page","link":"https:\/\/slappa.co\/en\/privacy-policy\/","title":{"rendered":"Privacy policy"},"content":{"rendered":"<h2 style=\"text-align: center;\"><\/h2>\r\n<h2 style=\"text-align: center;\"><b>\u00a71<\/b><\/h2>\r\n<h2 style=\"text-align: center;\"><b>[GENERAL PROVISIONS]<\/b><\/h2>\r\n<ol>\r\n<li style=\"font-weight: 400;\" aria-level=\"1\"><span style=\"font-weight: 400;\">This document defines the Privacy Policy of the Sl\u00e4ppa store, which in particular covers the regulations regarding the protection of personal data and the security of other data entered into the Website by the User.<\/span><\/li>\r\n<li style=\"font-weight: 400;\" aria-level=\"1\"><span style=\"font-weight: 400;\">The Privacy Policy constitutes an integral appendix to the Regulations.<\/span><\/li>\r\n<\/ol>\r\n<h2 style=\"text-align: center;\"><b>\u00a72<\/b><\/h2>\r\n<h2 style=\"text-align: center;\"><b>[DEFINITIONS]<\/b><\/h2>\r\n<p>The terms used in this document mean:<\/p>\r\n<ol>\r\n<li style=\"font-weight: 400;\" aria-level=\"1\"><b>Administrator <\/b><span style=\"font-weight: 400;\">\u00a0&#8211; <\/span><span style=\"font-weight: 400;\"><span style=\"font-weight: 400;\">Sl\u00e4ppa; No Planet B sp. z o.o. <\/span><\/span>ul. Mariacka 37, 40-014 Katowice, NIP 525 289 52 75 \/ REGON: 52120823700000<span style=\"font-weight: 400;\">,<\/span><\/li>\r\n<li style=\"font-weight: 400;\" aria-level=\"1\"><b>Website<\/b><span style=\"font-weight: 400;\"> &#8211; the website at slappa.co and all its subpages,<\/span><\/li>\r\n<li style=\"font-weight: 400;\" aria-level=\"1\"><b>Parties<\/b><span style=\"font-weight: 400;\"> &#8211; Administrator and User,<\/span><\/li>\r\n<li style=\"font-weight: 400;\" aria-level=\"1\"><b>User<\/b><span style=\"font-weight: 400;\"> &#8211; a natural person who uses the Website and provides its personal data within it.<\/span><\/li>\r\n<\/ol>\r\n<h2 style=\"text-align: center;\"><b>\u00a73<\/b><\/h2>\r\n<h2 style=\"text-align: center;\"><b>[PERSONAL DATA PROTECTION]<\/b><\/h2>\r\n<ol>\r\n<li style=\"font-weight: 400;\" aria-level=\"1\">The administrator is the administrator of personal data within the meaning of the regulation on the protection of personal data of 27 April 2016 (GDPR).<\/li>\r\n<li>The Administrator processes the data in the scope, time, and purposes each time indicated in the content provided under the forms used to collect personal data from the User.<\/li>\r\n<li>Personal data will be transferred only to the Administrator&#8217;s trusted subcontractors, i.e. IT service providers, accounting firm, administration, courier companies.<\/li>\r\n<\/ol>\r\n<h2 style=\"text-align: center;\"><b>\u00a74<\/b><\/h2>\r\n<h2 style=\"text-align: center;\"><b>[<strong>USER PERMISSIONS<\/strong>]<\/b><\/h2>\r\n<ol>\r\n<li>In the event of a change of personal data, the User should update them by sending an appropriate message to the Administrator.<\/li>\r\n<li>The User has the right to request access to their personal data, rectification, deletion, and the right to limit their processing. In addition, the right to withdraw consent at any time without affecting the lawfulness of processing, the right to transfer data and the right to object to the processing of personal data.<\/li>\r\n<\/ol>\r\n<h2 style=\"text-align: center;\"><b>\u00a75<\/b><\/h2>\r\n<h2 style=\"text-align: center;\"><b>[TECHNICAL DATA PROTECTION]<\/b><\/h2>\r\n<ol>\r\n<li>The Administrator uses all technical and organizational methods to ensure the security of the User&#8217;s personal data and protect them against accidental or intentional destruction, accidental loss, modification, unauthorized disclosure, or access. Information is stored and processed on servers with a high level of security, with appropriate security measures that meet the requirements of Polish law.<\/li>\r\n<li>The Administrator undertakes to keep a backup copy containing the User&#8217;s personal data.<\/li>\r\n<li>The entrusted data is stored on the highest-class equipment and servers in properly secured information storage centers, to which only authorized persons have access.<\/li>\r\n<li>The administrator carries out activities related to the processing of personal data respecting all legal and technical requirements imposed on him by the provisions on the protection of personal data.<\/li>\r\n<\/ol>\r\n<h2 style=\"text-align: center;\"><b>\u00a76<\/b><\/h2>\r\n<h2 style=\"text-align: center;\"><b>[COOKIES POLICY]<\/b><\/h2>\r\n<ol>\r\n<li style=\"font-weight: 400;\" aria-level=\"1\"><span style=\"font-weight: 400;\">Dla wygody U\u017cytkownik\u00f3w Serwis u\u017cywa plik\u00f3w cookies m.in. w celu dostosowania serwisu do potrzeb u\u017cytkownik\u00f3w oraz w celach statystycznych. Cookies to niewielkie pliki tekstowe wysy\u0142ane przez serwis internetowy, kt\u00f3ry odwiedza internauta, do urz\u0105dzenia internauty.<\/span><\/li>\r\n<li style=\"font-weight: 400;\" aria-level=\"1\"><span style=\"font-weight: 400;\">W ramach Serwisu stosowane s\u0105 dwa typy plik\u00f3w cookies: &#8220;sesyjne (session cookies) oraz &#8220;sta\u0142e&#8221; (persistent cookies). Cookies &#8220;sesyjne&#8221; s\u0105 plikami tymczasowymi, kt\u00f3re przechowywane s\u0105 w urz\u0105dzeniu ko\u0144cowym U\u017cytkownika do czasu wylogowania, opuszczenia strony internetowej lub wy\u0142\u0105czenia oprogramowania (przegl\u0105darki internetowej). Sta\u0142e&#8221; pliki cookies przechowywane s\u0105 w urz\u0105dzeniu ko\u0144cowym U\u017cytkownika przez czas okre\u015blony w parametrach plik\u00f3w cookies lub do czasu ich usuni\u0119cia przez U\u017cytkownika.<\/span><\/li>\r\n<li style=\"font-weight: 400;\" aria-level=\"1\"><span style=\"font-weight: 400;\">W Serwisie wykorzystujemy nast\u0119puj\u0105ce rodzaje plik\u00f3w Cookies:<\/span>\r\n<ol>\r\n<li style=\"font-weight: 400;\" aria-level=\"2\"><b>&#8220;niezb\u0119dne&#8221;<\/b><span style=\"font-weight: 400;\"> &#8211; umo\u017cliwiaj\u0105 korzystanie z us\u0142ug dost\u0119pnych w ramach Serwisu, np. wykorzystywane przy obs\u0142udze autoryzacji u\u017cytkownik\u00f3w,<\/span><\/li>\r\n<li style=\"font-weight: 400;\" aria-level=\"2\"><b>&#8220;zabezpieczaj\u0105ce&#8221;<\/b><span style=\"font-weight: 400;\"> &#8211; s\u0142u\u017c\u0105 do zapewnienia bezpiecze\u0144stwa, np. wykorzystywane do wykrywania nadu\u017cy\u0107 w zakresie korzystania z us\u0142ug Serwisu,<\/span><\/li>\r\n<li style=\"font-weight: 400;\" aria-level=\"2\"><b>&#8220;wydajno\u015bciowe&#8221;<\/b><span style=\"font-weight: 400;\"> &#8211; umo\u017cliwiaj\u0105 zbieranie informacji o sposobie korzystania z Serwisu,<\/span><\/li>\r\n<li style=\"font-weight: 400;\" aria-level=\"2\"><b>&#8220;funkcjonalne&#8221;<\/b><span style=\"font-weight: 400;\"> &#8211; umo\u017cliwiaj\u0105 zapami\u0119tanie wybranych przez U\u017cytkownika ustawie\u0144 i personalizacj\u0119 interfejsu U\u017cytkownika, np. w zakresie wybranego j\u0119zyka lub regionu, z kt\u00f3rego pochodzi U\u017cytkownik, rozmiaru czcionki, wygl\u0105du Serwisu itp.,<\/span><\/li>\r\n<li style=\"font-weight: 400;\" aria-level=\"2\"><b>&#8220;reklamowe&#8221;<\/b><span style=\"font-weight: 400;\"> &#8211; umo\u017cliwiaj\u0105 dostarczanie U\u017cytkownikom tre\u015bci reklamowych bardziej dostosowanych do ich zainteresowa\u0144,<\/span><\/li>\r\n<li style=\"font-weight: 400;\" aria-level=\"2\"><b>&#8220;integracyjne&#8221;<\/b><span style=\"font-weight: 400;\"> &#8211; zwi\u0105zane s\u0105 z wykorzystywanymi w Serwisie us\u0142ugami firm trzecich, np. Google Analytics, tawk.to.<\/span><\/li>\r\n<\/ol>\r\n<\/li>\r\n<li style=\"font-weight: 400;\" aria-level=\"1\"><span style=\"font-weight: 400;\">Serwisy obce, kt\u00f3rych materia\u0142y przedstawiamy, mog\u0105 tak\u017ce u\u017cywa\u0107 cookies, kt\u00f3re umo\u017cliwiaj\u0105 logowanie si\u0119, oraz s\u0142u\u017c\u0105 dostarczaniu reklam odpowiadaj\u0105cych upodobaniom i zachowaniom u\u017cytkownika.<\/span><\/li>\r\n<li style=\"font-weight: 400;\" aria-level=\"1\"><span style=\"font-weight: 400;\">W przegl\u0105darce internetowej mo\u017cna zmieni\u0107 ustawienia dotycz\u0105ce cookies. Brak zmiany tych ustawie\u0144 oznacza akceptacj\u0119 dla stosowanych tu cookies.<\/span><\/li>\r\n<li>For the convenience of Users, the Website uses cookies, including in order to adapt the website to the needs of users and for statistical purposes. Cookies are small text files sent by a website that is visited by an internet user to an internet user&#8217;s device.<\/li>\r\n<li>The Website uses two types of cookies: session cookies and persistent cookies. Session cookies are temporary files that are stored on the User&#8217;s end device until logging out, leaving the website, or turning off the software (web browser). Persistent &#8220;cookies are stored on the User&#8217;s end device for the time specified in the cookie file parameters or until they are deleted by the User.<\/li>\r\n<li>We use the following types of cookies on the website:\r\n<ol>\r\n<li><strong>&#8220;necessary&#8221;<\/strong> &#8211; they enable the use of services available on the Website, e.g., used for handling user authorizations,<\/li>\r\n<li><strong>&#8220;security&#8221;<\/strong> &#8211; they are used to ensure security, e.g., used to detect abuse in the use of the Website&#8217;s services,<\/li>\r\n<li><strong>&#8220;performance&#8221;<\/strong> &#8211; they enable the collection of information on how to use the Website,<\/li>\r\n<li><strong>&#8220;functional&#8221;<\/strong> &#8211; they allow you to remember the settings selected by the User and personalize the User&#8217;s interface, e.g., in terms of the selected language or region of the User, font size, appearance of the Website, etc.,<\/li>\r\n<li><strong>&#8220;advertising&#8221;<\/strong> &#8211; they enable the provision of advertising content to the Users more tailored to their interests,<\/li>\r\n<li><strong>&#8220;integration&#8221;<\/strong> &#8211; related to the third-party services used on the Website, such as Google Analytics, tawk.to.<\/li>\r\n<\/ol>\r\n<\/li>\r\n<li>Third-party websites, the materials of which we present, may also use cookies that enable logging in and serve to deliver advertisements corresponding to the user&#8217;s preferences and behavior.<\/li>\r\n<li>The cookie settings can be changed in the web browser. If you do not change these settings, you accept the cookies used here.<\/li>\r\n<\/ol>\r\n<h2 style=\"text-align: center;\"><b>\u00a77<\/b><\/h2>\r\n<h2 style=\"text-align: center;\"><b>[LOGS]<\/b><\/h2>\r\n<ol>\r\n<li style=\"font-weight: 400;\" aria-level=\"1\"><span style=\"font-weight: 400;\">According to the practice of most websites, we store HTTP queries directed to our server (server logs). In connection with the above, we store:<\/span>\r\n<ol>\r\n<li style=\"font-weight: 400;\" aria-level=\"2\">IP addresses from which users browse the information content of our website.<\/li>\r\n<li style=\"font-weight: 400;\" aria-level=\"2\"><span style=\"font-weight: 400;\">time of arrival of the inquiry,<\/span><\/li>\r\n<li style=\"font-weight: 400;\" aria-level=\"2\"><span style=\"font-weight: 400;\">time of sending the answer,<\/span><\/li>\r\n<li style=\"font-weight: 400;\" aria-level=\"2\"><span style=\"font-weight: 400;\">the name of the client&#8217;s station &#8211; identification carried out by the HTTP protocol,<\/span><\/li>\r\n<li style=\"font-weight: 400;\" aria-level=\"2\"><span style=\"font-weight: 400;\">information about errors that occurred during the implementation of the HTTP transaction,<\/span><\/li>\r\n<li style=\"font-weight: 400;\" aria-level=\"2\"><span style=\"font-weight: 400;\">URL address of the page previously visited by the user (referrer link),<\/span><\/li>\r\n<li style=\"font-weight: 400;\" aria-level=\"2\"><span style=\"font-weight: 400;\">information about the user&#8217;s browser.<\/span><\/li>\r\n<\/ol>\r\n<\/li>\r\n<li style=\"font-weight: 400;\" aria-level=\"1\">Data collected in log logs; data are used only for the purpose of administering the Website.<\/li>\r\n<li style=\"font-weight: 400;\" aria-level=\"1\">The collected logs are stored for an indefinite period of time as auxiliary material used to administer the Website. The information contained therein is not disclosed to anyone except those authorized to administer the Website. Based on the log files, statistics can be generated to assist in administration. Collective summaries in the form of such statistics do not contain any features that identify visitors to the website.<\/li>\r\n<\/ol>\r\n<h2 style=\"text-align: center;\"><b>\u00a78<\/b><\/h2>\r\n<h2 style=\"text-align: center;\"><b>[<strong>CONTACT<\/strong>]<\/b><\/h2>\r\n<ol>\r\n<li style=\"font-weight: 400;\" aria-level=\"1\">The User may contact the Administrator at any time in order to obtain information on whether and how the Administrator uses his personal data.<\/li>\r\n<li>The User may also ask the Administrator to delete his personal data in whole or in a specific part.<\/li>\r\n<li>The Administrator can be contacted by sending a message to the e-mail address:<span style=\"font-weight: 400;\">\u00a0<a href=\"shop@slappa.co\">shop@slappa.co<\/a><\/span><\/li>\r\n<\/ol>\r\n<h2 style=\"text-align: center;\"><\/h2>","protected":false},"excerpt":{"rendered":"<p>\u00a71 [GENERAL PROVISIONS] This document defines the Privacy Policy of the Sl\u00e4ppa store, which in particular covers the regulations regarding the protection of personal data and the security of other data entered into the Website by the User. The Privacy Policy constitutes an integral appendix to the Regulations. \u00a72 [DEFINITIONS] The terms used in this [&hellip;]<\/p>\n","protected":false},"author":1,"featured_media":0,"parent":0,"menu_order":0,"comment_status":"closed","ping_status":"closed","template":"","meta":[],"acf":[],"yoast_head":"<!-- This site is optimized with the Yoast SEO plugin v18.6 - https:\/\/yoast.com\/wordpress\/plugins\/seo\/ -->\n<title>Privacy policy - Slappa.co<\/title>\n<meta name=\"robots\" content=\"index, follow, max-snippet:-1, max-image-preview:large, max-video-preview:-1\" \/>\n<link rel=\"canonical\" href=\"https:\/\/slappa.co\/en\/privacy-policy\/\" \/>\n<meta property=\"og:locale\" content=\"en_US\" \/>\n<meta property=\"og:type\" content=\"article\" \/>\n<meta property=\"og:title\" content=\"Privacy policy - Slappa.co\" \/>\n<meta property=\"og:description\" content=\"\u00a71 [GENERAL PROVISIONS] This document defines the Privacy Policy of the Sl\u00e4ppa store, which in particular covers the regulations regarding the protection of personal data and the security of other data entered into the Website by the User. The Privacy Policy constitutes an integral appendix to the Regulations. \u00a72 [DEFINITIONS] The terms used in this [&hellip;]\" \/>\n<meta property=\"og:url\" content=\"https:\/\/slappa.co\/en\/privacy-policy\/\" \/>\n<meta property=\"og:site_name\" content=\"Slappa.co\" \/>\n<meta property=\"article:publisher\" content=\"https:\/\/www.facebook.com\/share\/ttAfoJ21XdQW3JBK\/?mibextid=wwXIfr\" \/>\n<meta property=\"article:modified_time\" content=\"2024-08-25T08:07:26+00:00\" \/>\n<meta name=\"twitter:card\" content=\"summary_large_image\" \/>\n<meta name=\"twitter:label1\" content=\"Est. reading time\" \/>\n\t<meta name=\"twitter:data1\" content=\"6 minutes\" \/>\n<script type=\"application\/ld+json\" class=\"yoast-schema-graph\">{\"@context\":\"https:\/\/schema.org\",\"@graph\":[{\"@type\":\"Organization\",\"@id\":\"https:\/\/slappa.co\/#organization\",\"name\":\"Slappa\",\"url\":\"https:\/\/slappa.co\/\",\"sameAs\":[\"https:\/\/www.facebook.com\/share\/ttAfoJ21XdQW3JBK\/?mibextid=wwXIfr\",\"https:\/\/www.instagram.com\/slappa.co\/\",\"https:\/\/www.linkedin.com\/company\/sl\u00e4ppa?originalSubdomain=pl\"],\"logo\":{\"@type\":\"ImageObject\",\"@id\":\"https:\/\/slappa.co\/#logo\",\"inLanguage\":\"en-US\",\"url\":\"https:\/\/beta.slappa.co\/wp-content\/uploads\/2021\/10\/logo.png\",\"contentUrl\":\"https:\/\/beta.slappa.co\/wp-content\/uploads\/2021\/10\/logo.png\",\"width\":501,\"height\":147,\"caption\":\"Slappa\"},\"image\":{\"@id\":\"https:\/\/slappa.co\/#logo\"}},{\"@type\":\"WebSite\",\"@id\":\"https:\/\/slappa.co\/#website\",\"url\":\"https:\/\/slappa.co\/\",\"name\":\"Slappa.co\",\"description\":\"eko \u015brodki czysto\u015bci w musuj\u0105cych tabletkach\",\"publisher\":{\"@id\":\"https:\/\/slappa.co\/#organization\"},\"potentialAction\":[{\"@type\":\"SearchAction\",\"target\":{\"@type\":\"EntryPoint\",\"urlTemplate\":\"https:\/\/slappa.co\/?s={search_term_string}\"},\"query-input\":\"required name=search_term_string\"}],\"inLanguage\":\"en-US\"},{\"@type\":\"WebPage\",\"@id\":\"https:\/\/slappa.co\/en\/privacy-policy\/#webpage\",\"url\":\"https:\/\/slappa.co\/en\/privacy-policy\/\",\"name\":\"Privacy policy - Slappa.co\",\"isPartOf\":{\"@id\":\"https:\/\/slappa.co\/#website\"},\"datePublished\":\"2022-04-05T12:48:35+00:00\",\"dateModified\":\"2024-08-25T08:07:26+00:00\",\"breadcrumb\":{\"@id\":\"https:\/\/slappa.co\/en\/privacy-policy\/#breadcrumb\"},\"inLanguage\":\"en-US\",\"potentialAction\":[{\"@type\":\"ReadAction\",\"target\":[\"https:\/\/slappa.co\/en\/privacy-policy\/\"]}]},{\"@type\":\"BreadcrumbList\",\"@id\":\"https:\/\/slappa.co\/en\/privacy-policy\/#breadcrumb\",\"itemListElement\":[{\"@type\":\"ListItem\",\"position\":1,\"name\":\"Home\",\"item\":\"https:\/\/slappa.co\/en\/\"},{\"@type\":\"ListItem\",\"position\":2,\"name\":\"Privacy policy\"}]}]}<\/script>\n<!-- \/ Yoast SEO plugin. -->","yoast_head_json":{"title":"Privacy policy - Slappa.co","robots":{"index":"index","follow":"follow","max-snippet":"max-snippet:-1","max-image-preview":"max-image-preview:large","max-video-preview":"max-video-preview:-1"},"canonical":"https:\/\/slappa.co\/en\/privacy-policy\/","og_locale":"en_US","og_type":"article","og_title":"Privacy policy - Slappa.co","og_description":"\u00a71 [GENERAL PROVISIONS] This document defines the Privacy Policy of the Sl\u00e4ppa store, which in particular covers the regulations regarding the protection of personal data and the security of other data entered into the Website by the User. The Privacy Policy constitutes an integral appendix to the Regulations. \u00a72 [DEFINITIONS] The terms used in this [&hellip;]","og_url":"https:\/\/slappa.co\/en\/privacy-policy\/","og_site_name":"Slappa.co","article_publisher":"https:\/\/www.facebook.com\/share\/ttAfoJ21XdQW3JBK\/?mibextid=wwXIfr","article_modified_time":"2024-08-25T08:07:26+00:00","twitter_card":"summary_large_image","twitter_misc":{"Est. reading time":"6 minutes"},"schema":{"@context":"https:\/\/schema.org","@graph":[{"@type":"Organization","@id":"https:\/\/slappa.co\/#organization","name":"Slappa","url":"https:\/\/slappa.co\/","sameAs":["https:\/\/www.facebook.com\/share\/ttAfoJ21XdQW3JBK\/?mibextid=wwXIfr","https:\/\/www.instagram.com\/slappa.co\/","https:\/\/www.linkedin.com\/company\/sl\u00e4ppa?originalSubdomain=pl"],"logo":{"@type":"ImageObject","@id":"https:\/\/slappa.co\/#logo","inLanguage":"en-US","url":"https:\/\/beta.slappa.co\/wp-content\/uploads\/2021\/10\/logo.png","contentUrl":"https:\/\/beta.slappa.co\/wp-content\/uploads\/2021\/10\/logo.png","width":501,"height":147,"caption":"Slappa"},"image":{"@id":"https:\/\/slappa.co\/#logo"}},{"@type":"WebSite","@id":"https:\/\/slappa.co\/#website","url":"https:\/\/slappa.co\/","name":"Slappa.co","description":"eko \u015brodki czysto\u015bci w musuj\u0105cych tabletkach","publisher":{"@id":"https:\/\/slappa.co\/#organization"},"potentialAction":[{"@type":"SearchAction","target":{"@type":"EntryPoint","urlTemplate":"https:\/\/slappa.co\/?s={search_term_string}"},"query-input":"required name=search_term_string"}],"inLanguage":"en-US"},{"@type":"WebPage","@id":"https:\/\/slappa.co\/en\/privacy-policy\/#webpage","url":"https:\/\/slappa.co\/en\/privacy-policy\/","name":"Privacy policy - Slappa.co","isPartOf":{"@id":"https:\/\/slappa.co\/#website"},"datePublished":"2022-04-05T12:48:35+00:00","dateModified":"2024-08-25T08:07:26+00:00","breadcrumb":{"@id":"https:\/\/slappa.co\/en\/privacy-policy\/#breadcrumb"},"inLanguage":"en-US","potentialAction":[{"@type":"ReadAction","target":["https:\/\/slappa.co\/en\/privacy-policy\/"]}]},{"@type":"BreadcrumbList","@id":"https:\/\/slappa.co\/en\/privacy-policy\/#breadcrumb","itemListElement":[{"@type":"ListItem","position":1,"name":"Home","item":"https:\/\/slappa.co\/en\/"},{"@type":"ListItem","position":2,"name":"Privacy policy"}]}]}},"_links":{"self":[{"href":"https:\/\/slappa.co\/en\/wp-json\/wp\/v2\/pages\/671"}],"collection":[{"href":"https:\/\/slappa.co\/en\/wp-json\/wp\/v2\/pages"}],"about":[{"href":"https:\/\/slappa.co\/en\/wp-json\/wp\/v2\/types\/page"}],"author":[{"embeddable":true,"href":"https:\/\/slappa.co\/en\/wp-json\/wp\/v2\/users\/1"}],"replies":[{"embeddable":true,"href":"https:\/\/slappa.co\/en\/wp-json\/wp\/v2\/comments?post=671"}],"version-history":[{"count":2,"href":"https:\/\/slappa.co\/en\/wp-json\/wp\/v2\/pages\/671\/revisions"}],"predecessor-version":[{"id":2699,"href":"https:\/\/slappa.co\/en\/wp-json\/wp\/v2\/pages\/671\/revisions\/2699"}],"wp:attachment":[{"href":"https:\/\/slappa.co\/en\/wp-json\/wp\/v2\/media?parent=671"}],"curies":[{"name":"wp","href":"https:\/\/api.w.org\/{rel}","templated":true}]}}