{"id":659,"date":"2022-04-05T10:22:45","date_gmt":"2022-04-05T08:22:45","guid":{"rendered":"https:\/\/slappa.co\/?page_id=659"},"modified":"2024-07-26T19:34:14","modified_gmt":"2024-07-26T17:34:14","slug":"drop-to-a-world-without-plastic","status":"publish","type":"page","link":"https:\/\/slappa.co\/en\/values\/drop-to-a-world-without-plastic\/","title":{"rendered":"About us"},"content":{"rendered":"<p>Hi there! Sl\u00e4ppa is people &#8211; and more precisely Ada and Pohl, tired of working in corporations, decided to take \u00a0risk to and do something that will have a positive impact on our environment. This two-person team soon expanded into new people who dream, invent, but most of all do not want to be part of a world where profit is more important than people&#8217;s well-being. Our greatest asset is empathy, the pursuit of excellence and the willingness to help others. We love the world and want to get to know it, but we also want to preserve it for future generations. Today, we boldy dare large corporations and we hope that you will add a drop with us to change for the better\u00a0<strong><a href=\"https:\/\/slappa.co\/en\/values\/\">#addyourdrop<\/a><\/strong><\/p>\n","protected":false},"excerpt":{"rendered":"<p>Hi there! Sl\u00e4ppa is people &#8211; and more precisely Ada and Pohl, tired of working in corporations, decided to take \u00a0risk to and do something that will have a positive impact on our environment. This two-person team soon expanded into new people who dream, invent, but most of all do not want to be part [&hellip;]<\/p>\n","protected":false},"author":1,"featured_media":0,"parent":656,"menu_order":0,"comment_status":"closed","ping_status":"closed","template":"page-templates\/team.php","meta":[],"acf":[],"yoast_head":"<!-- This site is optimized with the Yoast SEO plugin v18.6 - https:\/\/yoast.com\/wordpress\/plugins\/seo\/ -->\n<title>About us - Slappa.co<\/title>\n<meta name=\"description\" content=\"Polish brand of cleaning tablets. Ecological, vegan, aesthetic and safe. Sl\u00e4ppa is your drop to a world without plastic.\" \/>\n<meta name=\"robots\" content=\"index, follow, max-snippet:-1, max-image-preview:large, max-video-preview:-1\" \/>\n<link rel=\"canonical\" href=\"https:\/\/slappa.co\/en\/values\/drop-to-a-world-without-plastic\/\" \/>\n<meta property=\"og:locale\" content=\"en_US\" \/>\n<meta property=\"og:type\" content=\"article\" \/>\n<meta property=\"og:title\" content=\"About us - Slappa.co\" \/>\n<meta property=\"og:description\" content=\"Polish brand of cleaning tablets. Ecological, vegan, aesthetic and safe. Sl\u00e4ppa is your drop to a world without plastic.\" \/>\n<meta property=\"og:url\" content=\"https:\/\/slappa.co\/en\/values\/drop-to-a-world-without-plastic\/\" \/>\n<meta property=\"og:site_name\" content=\"Slappa.co\" \/>\n<meta property=\"article:publisher\" content=\"https:\/\/www.facebook.com\/share\/ttAfoJ21XdQW3JBK\/?mibextid=wwXIfr\" \/>\n<meta property=\"article:modified_time\" content=\"2024-07-26T17:34:14+00:00\" \/>\n<meta name=\"twitter:card\" content=\"summary_large_image\" \/>\n<meta name=\"twitter:label1\" content=\"Est. reading time\" \/>\n\t<meta name=\"twitter:data1\" content=\"1 minute\" \/>\n<script type=\"application\/ld+json\" class=\"yoast-schema-graph\">{\"@context\":\"https:\/\/schema.org\",\"@graph\":[{\"@type\":\"Organization\",\"@id\":\"https:\/\/slappa.co\/#organization\",\"name\":\"Slappa\",\"url\":\"https:\/\/slappa.co\/\",\"sameAs\":[\"https:\/\/www.facebook.com\/share\/ttAfoJ21XdQW3JBK\/?mibextid=wwXIfr\",\"https:\/\/www.instagram.com\/slappa.co\/\",\"https:\/\/www.linkedin.com\/company\/sl\u00e4ppa?originalSubdomain=pl\"],\"logo\":{\"@type\":\"ImageObject\",\"@id\":\"https:\/\/slappa.co\/#logo\",\"inLanguage\":\"en-US\",\"url\":\"https:\/\/beta.slappa.co\/wp-content\/uploads\/2021\/10\/logo.png\",\"contentUrl\":\"https:\/\/beta.slappa.co\/wp-content\/uploads\/2021\/10\/logo.png\",\"width\":501,\"height\":147,\"caption\":\"Slappa\"},\"image\":{\"@id\":\"https:\/\/slappa.co\/#logo\"}},{\"@type\":\"WebSite\",\"@id\":\"https:\/\/slappa.co\/#website\",\"url\":\"https:\/\/slappa.co\/\",\"name\":\"Slappa.co\",\"description\":\"eko \u015brodki czysto\u015bci w musuj\u0105cych tabletkach\",\"publisher\":{\"@id\":\"https:\/\/slappa.co\/#organization\"},\"potentialAction\":[{\"@type\":\"SearchAction\",\"target\":{\"@type\":\"EntryPoint\",\"urlTemplate\":\"https:\/\/slappa.co\/?s={search_term_string}\"},\"query-input\":\"required name=search_term_string\"}],\"inLanguage\":\"en-US\"},{\"@type\":\"WebPage\",\"@id\":\"https:\/\/slappa.co\/en\/values\/drop-to-a-world-without-plastic\/#webpage\",\"url\":\"https:\/\/slappa.co\/en\/values\/drop-to-a-world-without-plastic\/\",\"name\":\"About us - Slappa.co\",\"isPartOf\":{\"@id\":\"https:\/\/slappa.co\/#website\"},\"datePublished\":\"2022-04-05T08:22:45+00:00\",\"dateModified\":\"2024-07-26T17:34:14+00:00\",\"description\":\"Polish brand of cleaning tablets. Ecological, vegan, aesthetic and safe. Sl\u00e4ppa is your drop to a world without plastic.\",\"breadcrumb\":{\"@id\":\"https:\/\/slappa.co\/en\/values\/drop-to-a-world-without-plastic\/#breadcrumb\"},\"inLanguage\":\"en-US\",\"potentialAction\":[{\"@type\":\"ReadAction\",\"target\":[\"https:\/\/slappa.co\/en\/values\/drop-to-a-world-without-plastic\/\"]}]},{\"@type\":\"BreadcrumbList\",\"@id\":\"https:\/\/slappa.co\/en\/values\/drop-to-a-world-without-plastic\/#breadcrumb\",\"itemListElement\":[{\"@type\":\"ListItem\",\"position\":1,\"name\":\"Home\",\"item\":\"https:\/\/slappa.co\/en\/\"},{\"@type\":\"ListItem\",\"position\":2,\"name\":\"Values\",\"item\":\"https:\/\/slappa.co\/en\/values\/\"},{\"@type\":\"ListItem\",\"position\":3,\"name\":\"About us\"}]}]}<\/script>\n<!-- \/ Yoast SEO plugin. -->","yoast_head_json":{"title":"About us - Slappa.co","description":"Polish brand of cleaning tablets. Ecological, vegan, aesthetic and safe. Sl\u00e4ppa is your drop to a world without plastic.","robots":{"index":"index","follow":"follow","max-snippet":"max-snippet:-1","max-image-preview":"max-image-preview:large","max-video-preview":"max-video-preview:-1"},"canonical":"https:\/\/slappa.co\/en\/values\/drop-to-a-world-without-plastic\/","og_locale":"en_US","og_type":"article","og_title":"About us - Slappa.co","og_description":"Polish brand of cleaning tablets. Ecological, vegan, aesthetic and safe. Sl\u00e4ppa is your drop to a world without plastic.","og_url":"https:\/\/slappa.co\/en\/values\/drop-to-a-world-without-plastic\/","og_site_name":"Slappa.co","article_publisher":"https:\/\/www.facebook.com\/share\/ttAfoJ21XdQW3JBK\/?mibextid=wwXIfr","article_modified_time":"2024-07-26T17:34:14+00:00","twitter_card":"summary_large_image","twitter_misc":{"Est. reading time":"1 minute"},"schema":{"@context":"https:\/\/schema.org","@graph":[{"@type":"Organization","@id":"https:\/\/slappa.co\/#organization","name":"Slappa","url":"https:\/\/slappa.co\/","sameAs":["https:\/\/www.facebook.com\/share\/ttAfoJ21XdQW3JBK\/?mibextid=wwXIfr","https:\/\/www.instagram.com\/slappa.co\/","https:\/\/www.linkedin.com\/company\/sl\u00e4ppa?originalSubdomain=pl"],"logo":{"@type":"ImageObject","@id":"https:\/\/slappa.co\/#logo","inLanguage":"en-US","url":"https:\/\/beta.slappa.co\/wp-content\/uploads\/2021\/10\/logo.png","contentUrl":"https:\/\/beta.slappa.co\/wp-content\/uploads\/2021\/10\/logo.png","width":501,"height":147,"caption":"Slappa"},"image":{"@id":"https:\/\/slappa.co\/#logo"}},{"@type":"WebSite","@id":"https:\/\/slappa.co\/#website","url":"https:\/\/slappa.co\/","name":"Slappa.co","description":"eko \u015brodki czysto\u015bci w musuj\u0105cych tabletkach","publisher":{"@id":"https:\/\/slappa.co\/#organization"},"potentialAction":[{"@type":"SearchAction","target":{"@type":"EntryPoint","urlTemplate":"https:\/\/slappa.co\/?s={search_term_string}"},"query-input":"required name=search_term_string"}],"inLanguage":"en-US"},{"@type":"WebPage","@id":"https:\/\/slappa.co\/en\/values\/drop-to-a-world-without-plastic\/#webpage","url":"https:\/\/slappa.co\/en\/values\/drop-to-a-world-without-plastic\/","name":"About us - Slappa.co","isPartOf":{"@id":"https:\/\/slappa.co\/#website"},"datePublished":"2022-04-05T08:22:45+00:00","dateModified":"2024-07-26T17:34:14+00:00","description":"Polish brand of cleaning tablets. Ecological, vegan, aesthetic and safe. Sl\u00e4ppa is your drop to a world without plastic.","breadcrumb":{"@id":"https:\/\/slappa.co\/en\/values\/drop-to-a-world-without-plastic\/#breadcrumb"},"inLanguage":"en-US","potentialAction":[{"@type":"ReadAction","target":["https:\/\/slappa.co\/en\/values\/drop-to-a-world-without-plastic\/"]}]},{"@type":"BreadcrumbList","@id":"https:\/\/slappa.co\/en\/values\/drop-to-a-world-without-plastic\/#breadcrumb","itemListElement":[{"@type":"ListItem","position":1,"name":"Home","item":"https:\/\/slappa.co\/en\/"},{"@type":"ListItem","position":2,"name":"Values","item":"https:\/\/slappa.co\/en\/values\/"},{"@type":"ListItem","position":3,"name":"About us"}]}]}},"_links":{"self":[{"href":"https:\/\/slappa.co\/en\/wp-json\/wp\/v2\/pages\/659"}],"collection":[{"href":"https:\/\/slappa.co\/en\/wp-json\/wp\/v2\/pages"}],"about":[{"href":"https:\/\/slappa.co\/en\/wp-json\/wp\/v2\/types\/page"}],"author":[{"embeddable":true,"href":"https:\/\/slappa.co\/en\/wp-json\/wp\/v2\/users\/1"}],"replies":[{"embeddable":true,"href":"https:\/\/slappa.co\/en\/wp-json\/wp\/v2\/comments?post=659"}],"version-history":[{"count":1,"href":"https:\/\/slappa.co\/en\/wp-json\/wp\/v2\/pages\/659\/revisions"}],"predecessor-version":[{"id":2679,"href":"https:\/\/slappa.co\/en\/wp-json\/wp\/v2\/pages\/659\/revisions\/2679"}],"up":[{"embeddable":true,"href":"https:\/\/slappa.co\/en\/wp-json\/wp\/v2\/pages\/656"}],"wp:attachment":[{"href":"https:\/\/slappa.co\/en\/wp-json\/wp\/v2\/media?parent=659"}],"curies":[{"name":"wp","href":"https:\/\/api.w.org\/{rel}","templated":true}]}}