{"id":1054,"date":"2022-05-05T15:07:08","date_gmt":"2022-05-05T13:07:08","guid":{"rendered":"https:\/\/slappa.co\/?page_id=1054"},"modified":"2022-07-03T19:38:56","modified_gmt":"2022-07-03T17:38:56","slug":"info","status":"publish","type":"page","link":"https:\/\/slappa.co\/en\/info\/","title":{"rendered":"Info"},"content":{"rendered":"<h2>We are polish brand of cleaning tablets.<\/h2>\n<p>&nbsp;<\/p>\n<p><strong>Fresh mint &#8211; glass cleaning tablet:<\/strong><\/p>\n<ul>\n<li>SODIUM BICARBONATE<\/li>\n<li>CITRIC ACID<\/li>\n<li>SODIUM CHLORIDE<\/li>\n<li>SODIUM C14-16 OLEFIN SULFONATE SODIUM CUMENESULFONATE<\/li>\n<li>MENTHA PIPERITA OIL (Limonene) DYE<\/li>\n<\/ul>\n<p><strong>Good rosemary &#8211; a tablet for cleaning the kitchen:<\/strong><\/p>\n<ul>\n<li>SODIUM BICARBONATE<\/li>\n<li>CITRIC ACID<\/li>\n<li>SODIUM CHLORIDE<\/li>\n<li>SODIUM C14-16 OLEFIN SULFONATE<\/li>\n<li>ROSMARINUS OFFICINALIS LEAF OIL (Linalool, Limonene) DYE<\/li>\n<\/ul>\n<p><strong>Field lavender &#8211; a tablet for cleaning the bathroom:<\/strong><\/p>\n<ul>\n<li>SODIUM BICARBONATE<\/li>\n<li>CITRIC ACID<\/li>\n<li>SODIUM CHLORIDE<\/li>\n<li>SODIUM C14-16 OLEFIN SULFONATE<\/li>\n<li>LAVANDULA ANGUSTIFOLIA HERB OIL (Linalool, Geraniol, Limonene) DYE<\/li>\n<\/ul>\n","protected":false},"excerpt":{"rendered":"<p>We are polish brand of cleaning tablets. &nbsp; Fresh mint &#8211; glass cleaning tablet: SODIUM BICARBONATE CITRIC ACID SODIUM CHLORIDE SODIUM C14-16 OLEFIN SULFONATE SODIUM CUMENESULFONATE MENTHA PIPERITA OIL (Limonene) DYE Good rosemary &#8211; a tablet for cleaning the kitchen: SODIUM BICARBONATE CITRIC ACID SODIUM CHLORIDE SODIUM C14-16 OLEFIN SULFONATE ROSMARINUS OFFICINALIS LEAF OIL (Linalool, [&hellip;]<\/p>\n","protected":false},"author":1,"featured_media":0,"parent":0,"menu_order":0,"comment_status":"closed","ping_status":"closed","template":"page-templates\/simply.php","meta":[],"acf":[],"yoast_head":"<!-- This site is optimized with the Yoast SEO plugin v18.6 - https:\/\/yoast.com\/wordpress\/plugins\/seo\/ -->\n<title>Info - Slappa.co<\/title>\n<meta name=\"description\" content=\"Polish brand of cleaning tablets. Ecological, vegan, aesthetic and safe. Sl\u00e4ppa is your drop to a world without plastic.\" \/>\n<meta name=\"robots\" content=\"index, follow, max-snippet:-1, max-image-preview:large, max-video-preview:-1\" \/>\n<link rel=\"canonical\" href=\"https:\/\/slappa.co\/en\/info\/\" \/>\n<meta property=\"og:locale\" content=\"en_US\" \/>\n<meta property=\"og:type\" content=\"article\" \/>\n<meta property=\"og:title\" content=\"Info - Slappa.co\" \/>\n<meta property=\"og:description\" content=\"Polish brand of cleaning tablets. Ecological, vegan, aesthetic and safe. Sl\u00e4ppa is your drop to a world without plastic.\" \/>\n<meta property=\"og:url\" content=\"https:\/\/slappa.co\/en\/info\/\" \/>\n<meta property=\"og:site_name\" content=\"Slappa.co\" \/>\n<meta property=\"article:publisher\" content=\"https:\/\/www.facebook.com\/share\/ttAfoJ21XdQW3JBK\/?mibextid=wwXIfr\" \/>\n<meta property=\"article:modified_time\" content=\"2022-07-03T17:38:56+00:00\" \/>\n<meta name=\"twitter:card\" content=\"summary_large_image\" \/>\n<script type=\"application\/ld+json\" class=\"yoast-schema-graph\">{\"@context\":\"https:\/\/schema.org\",\"@graph\":[{\"@type\":\"Organization\",\"@id\":\"https:\/\/slappa.co\/#organization\",\"name\":\"Slappa\",\"url\":\"https:\/\/slappa.co\/\",\"sameAs\":[\"https:\/\/www.facebook.com\/share\/ttAfoJ21XdQW3JBK\/?mibextid=wwXIfr\",\"https:\/\/www.instagram.com\/slappa.co\/\",\"https:\/\/www.linkedin.com\/company\/sl\u00e4ppa?originalSubdomain=pl\"],\"logo\":{\"@type\":\"ImageObject\",\"@id\":\"https:\/\/slappa.co\/#logo\",\"inLanguage\":\"en-US\",\"url\":\"https:\/\/beta.slappa.co\/wp-content\/uploads\/2021\/10\/logo.png\",\"contentUrl\":\"https:\/\/beta.slappa.co\/wp-content\/uploads\/2021\/10\/logo.png\",\"width\":501,\"height\":147,\"caption\":\"Slappa\"},\"image\":{\"@id\":\"https:\/\/slappa.co\/#logo\"}},{\"@type\":\"WebSite\",\"@id\":\"https:\/\/slappa.co\/#website\",\"url\":\"https:\/\/slappa.co\/\",\"name\":\"Slappa.co\",\"description\":\"eko \u015brodki czysto\u015bci w musuj\u0105cych tabletkach\",\"publisher\":{\"@id\":\"https:\/\/slappa.co\/#organization\"},\"potentialAction\":[{\"@type\":\"SearchAction\",\"target\":{\"@type\":\"EntryPoint\",\"urlTemplate\":\"https:\/\/slappa.co\/?s={search_term_string}\"},\"query-input\":\"required name=search_term_string\"}],\"inLanguage\":\"en-US\"},{\"@type\":\"WebPage\",\"@id\":\"https:\/\/slappa.co\/en\/info\/#webpage\",\"url\":\"https:\/\/slappa.co\/en\/info\/\",\"name\":\"Info - Slappa.co\",\"isPartOf\":{\"@id\":\"https:\/\/slappa.co\/#website\"},\"datePublished\":\"2022-05-05T13:07:08+00:00\",\"dateModified\":\"2022-07-03T17:38:56+00:00\",\"description\":\"Polish brand of cleaning tablets. Ecological, vegan, aesthetic and safe. Sl\u00e4ppa is your drop to a world without plastic.\",\"breadcrumb\":{\"@id\":\"https:\/\/slappa.co\/en\/info\/#breadcrumb\"},\"inLanguage\":\"en-US\",\"potentialAction\":[{\"@type\":\"ReadAction\",\"target\":[\"https:\/\/slappa.co\/en\/info\/\"]}]},{\"@type\":\"BreadcrumbList\",\"@id\":\"https:\/\/slappa.co\/en\/info\/#breadcrumb\",\"itemListElement\":[{\"@type\":\"ListItem\",\"position\":1,\"name\":\"Home\",\"item\":\"https:\/\/slappa.co\/en\/\"},{\"@type\":\"ListItem\",\"position\":2,\"name\":\"Info\"}]}]}<\/script>\n<!-- \/ Yoast SEO plugin. -->","yoast_head_json":{"title":"Info - Slappa.co","description":"Polish brand of cleaning tablets. Ecological, vegan, aesthetic and safe. Sl\u00e4ppa is your drop to a world without plastic.","robots":{"index":"index","follow":"follow","max-snippet":"max-snippet:-1","max-image-preview":"max-image-preview:large","max-video-preview":"max-video-preview:-1"},"canonical":"https:\/\/slappa.co\/en\/info\/","og_locale":"en_US","og_type":"article","og_title":"Info - Slappa.co","og_description":"Polish brand of cleaning tablets. Ecological, vegan, aesthetic and safe. Sl\u00e4ppa is your drop to a world without plastic.","og_url":"https:\/\/slappa.co\/en\/info\/","og_site_name":"Slappa.co","article_publisher":"https:\/\/www.facebook.com\/share\/ttAfoJ21XdQW3JBK\/?mibextid=wwXIfr","article_modified_time":"2022-07-03T17:38:56+00:00","twitter_card":"summary_large_image","schema":{"@context":"https:\/\/schema.org","@graph":[{"@type":"Organization","@id":"https:\/\/slappa.co\/#organization","name":"Slappa","url":"https:\/\/slappa.co\/","sameAs":["https:\/\/www.facebook.com\/share\/ttAfoJ21XdQW3JBK\/?mibextid=wwXIfr","https:\/\/www.instagram.com\/slappa.co\/","https:\/\/www.linkedin.com\/company\/sl\u00e4ppa?originalSubdomain=pl"],"logo":{"@type":"ImageObject","@id":"https:\/\/slappa.co\/#logo","inLanguage":"en-US","url":"https:\/\/beta.slappa.co\/wp-content\/uploads\/2021\/10\/logo.png","contentUrl":"https:\/\/beta.slappa.co\/wp-content\/uploads\/2021\/10\/logo.png","width":501,"height":147,"caption":"Slappa"},"image":{"@id":"https:\/\/slappa.co\/#logo"}},{"@type":"WebSite","@id":"https:\/\/slappa.co\/#website","url":"https:\/\/slappa.co\/","name":"Slappa.co","description":"eko \u015brodki czysto\u015bci w musuj\u0105cych tabletkach","publisher":{"@id":"https:\/\/slappa.co\/#organization"},"potentialAction":[{"@type":"SearchAction","target":{"@type":"EntryPoint","urlTemplate":"https:\/\/slappa.co\/?s={search_term_string}"},"query-input":"required name=search_term_string"}],"inLanguage":"en-US"},{"@type":"WebPage","@id":"https:\/\/slappa.co\/en\/info\/#webpage","url":"https:\/\/slappa.co\/en\/info\/","name":"Info - Slappa.co","isPartOf":{"@id":"https:\/\/slappa.co\/#website"},"datePublished":"2022-05-05T13:07:08+00:00","dateModified":"2022-07-03T17:38:56+00:00","description":"Polish brand of cleaning tablets. Ecological, vegan, aesthetic and safe. Sl\u00e4ppa is your drop to a world without plastic.","breadcrumb":{"@id":"https:\/\/slappa.co\/en\/info\/#breadcrumb"},"inLanguage":"en-US","potentialAction":[{"@type":"ReadAction","target":["https:\/\/slappa.co\/en\/info\/"]}]},{"@type":"BreadcrumbList","@id":"https:\/\/slappa.co\/en\/info\/#breadcrumb","itemListElement":[{"@type":"ListItem","position":1,"name":"Home","item":"https:\/\/slappa.co\/en\/"},{"@type":"ListItem","position":2,"name":"Info"}]}]}},"_links":{"self":[{"href":"https:\/\/slappa.co\/en\/wp-json\/wp\/v2\/pages\/1054"}],"collection":[{"href":"https:\/\/slappa.co\/en\/wp-json\/wp\/v2\/pages"}],"about":[{"href":"https:\/\/slappa.co\/en\/wp-json\/wp\/v2\/types\/page"}],"author":[{"embeddable":true,"href":"https:\/\/slappa.co\/en\/wp-json\/wp\/v2\/users\/1"}],"replies":[{"embeddable":true,"href":"https:\/\/slappa.co\/en\/wp-json\/wp\/v2\/comments?post=1054"}],"version-history":[{"count":0,"href":"https:\/\/slappa.co\/en\/wp-json\/wp\/v2\/pages\/1054\/revisions"}],"wp:attachment":[{"href":"https:\/\/slappa.co\/en\/wp-json\/wp\/v2\/media?parent=1054"}],"curies":[{"name":"wp","href":"https:\/\/api.w.org\/{rel}","templated":true}]}}